{"id":854,"date":"2026-01-16T10:38:34","date_gmt":"2026-01-16T10:38:34","guid":{"rendered":"https:\/\/edmagaza.com\/?post_type=product&#038;p=854"},"modified":"2026-04-13T17:31:36","modified_gmt":"2026-04-13T17:31:36","slug":"ncm-wow-lady-day-use-hijyenik-ped","status":"publish","type":"product","link":"https:\/\/edmagaza.com\/en\/product\/ncm-wow-lady-day-use-hijyenik-ped\/","title":{"rendered":"Ncm Wow Lady Day Use Hijyenik Ped"},"content":{"rendered":"<p class=\"product-description-content\">Negatif iyon \u015feridine sahip Ncm Wow Lady&#8217;nin 3 kat daha h\u0131zl\u0131 emilim sa\u011flayan ipeksi ve yumu- \u015fak pamuk y\u00fczeyi di\u011fer pedlerin hapsetti\u011fi s\u0131v\u0131- n\u0131n iki kat\u0131n\u0131 hapseder ve s\u0131zd\u0131rmay\u0131 \u00f6nler G\u00dcND\u00dcZ PED\u0130 (DAY USE): 245 mm Pamuk, \u00c7am Re- \u00e7inesi, Deniz Yosunu Aktif Oksijen ve Negatif iyonlu 7 katmandan olu\u015fan Hijyenik Ped.<\/p>\n<p class=\"product-description-content\">Pakette 10 adet bulu- nur.<\/p>\n<p class=\"product-description-content\">Uzun s\u00fcreli kullan\u0131m i\u00e7in ideal, g\u00fcnl\u00fck ihtiya\u00e7lar\u0131n\u0131z\u0131 kar\u015f\u0131layan hijyenik ped<\/p>\n<p class=\"product-description-content\">G\u00fcnl\u00fck aktivitelerinizde rahatl\u0131kla kullanabilece\u011finiz pratik ve konforlu tasar\u0131m<\/p>\n<p class=\"product-description-content\">Uzun s\u00fcreli koruma sa\u011flayan yap\u0131s\u0131 ile g\u00fcn boyu ferahl\u0131k hissi sunar<\/p>\n<p class=\"product-description-content\">Hassas ciltler i\u00e7in \u00f6zel olarak geli\u015ftirilmi\u015f yumu\u015fak dokusuyla cildinize nazik\u00e7e dokunur<\/p>\n<p class=\"product-description-content\">Ekstra emici \u00f6zelli\u011fi sayesinde maksimum konfor ve hijyen sa\u011flar<\/p>","protected":false},"excerpt":{"rendered":"<p>Negatif iyon \u015feridine sahip Ncm Wow Lady&#8217;nin 3 kat daha h\u0131zl\u0131 emilim sa\u011flayan ipeksi ve yumu- \u015fak pamuk y\u00fczeyi di\u011fer pedlerin hapsetti\u011fi s\u0131v\u0131- n\u0131n iki kat\u0131n\u0131 hapseder ve s\u0131zd\u0131rmay\u0131 \u00f6nler G\u00dcND\u00dcZ PED\u0130 (DAY USE): 245 mm Pamuk, \u00c7am Re- \u00e7inesi, Deniz Yosunu Aktif Oksijen ve Negatif iyonlu 7 katmandan olu\u015fan Hijyenik Ped. Pakette 10 adet<\/p>\n<div class=\"klb-readmore\"><a class=\"c-btn\" href=\"https:\/\/edmagaza.com\/en\/product\/ncm-wow-lady-day-use-hijyenik-ped\/\">Read More <i class=\"far fa-plus\"><\/i><\/a><\/div>","protected":false},"featured_media":1521,"comment_status":"open","ping_status":"closed","template":"","meta":[],"product_brand":[],"product_cat":[30],"product_tag":[],"class_list":{"0":"post-854","1":"product","2":"type-product","3":"status-publish","4":"has-post-thumbnail","6":"product_cat-wow-lady","8":"first","9":"instock","10":"sale","11":"shipping-taxable","12":"purchasable","13":"product-type-simple"},"_links":{"self":[{"href":"https:\/\/edmagaza.com\/en\/wp-json\/wp\/v2\/product\/854","targetHints":{"allow":["GET"]}}],"collection":[{"href":"https:\/\/edmagaza.com\/en\/wp-json\/wp\/v2\/product"}],"about":[{"href":"https:\/\/edmagaza.com\/en\/wp-json\/wp\/v2\/types\/product"}],"replies":[{"embeddable":true,"href":"https:\/\/edmagaza.com\/en\/wp-json\/wp\/v2\/comments?post=854"}],"wp:featuredmedia":[{"embeddable":true,"href":"https:\/\/edmagaza.com\/en\/wp-json\/wp\/v2\/media\/1521"}],"wp:attachment":[{"href":"https:\/\/edmagaza.com\/en\/wp-json\/wp\/v2\/media?parent=854"}],"wp:term":[{"taxonomy":"product_brand","embeddable":true,"href":"https:\/\/edmagaza.com\/en\/wp-json\/wp\/v2\/product_brand?post=854"},{"taxonomy":"product_cat","embeddable":true,"href":"https:\/\/edmagaza.com\/en\/wp-json\/wp\/v2\/product_cat?post=854"},{"taxonomy":"product_tag","embeddable":true,"href":"https:\/\/edmagaza.com\/en\/wp-json\/wp\/v2\/product_tag?post=854"}],"curies":[{"name":"wp","href":"https:\/\/api.w.org\/{rel}","templated":true}]}}