{"id":832,"date":"2026-01-08T12:21:03","date_gmt":"2026-01-08T12:21:03","guid":{"rendered":"https:\/\/edmagaza.com\/?post_type=product&#038;p=832"},"modified":"2026-03-02T18:26:34","modified_gmt":"2026-03-02T18:26:34","slug":"wow-lady","status":"publish","type":"product","link":"https:\/\/edmagaza.com\/en\/product\/wow-lady\/","title":{"rendered":"Ncm Wow Lady Ped Set (3 Paket Gece-G\u00fcnd\u00fcz-G\u00fcnl\u00fck)"},"content":{"rendered":"<p class=\"product-description-content\">Ncm Wow Lady Ultra yumu\u015fak \u00fcst tabaka G\u00fc\u00e7l\u00fc emilim sayesinde s\u0131v\u0131y\u0131 emerek \u0131slakl\u0131k hissini engeller<\/p>\n<p class=\"product-description-content\">Do\u011fal yap\u0131\u015fkanl\u0131 \u015feritler Pedin kaymas\u0131n\u0131 engeller ve v\u00fccudun \u015feklini al\u0131r<\/p>\n<p class=\"product-description-content\">Negatif iyonlar sayesinde zararl\u0131 mikro organizma olu\u015fumunu engeller<\/p>\n<p class=\"product-description-content\">Tamamen bitkisel Yosundan elde edilmi\u015f emicilik ki\u015fiyi Tamamen pamuk,<\/p>\n<p class=\"product-description-content\">Havay\u0131 ge\u00e7iren ve s\u0131v\u0131 ge\u00e7irmeyen tazelik veren tabaka.<\/p>\n<p class=\"product-description-content\">\u00d6zel dizayn edilmi\u015f insan sa\u011fl\u0131\u011f\u0131na zarar\u0131 olmayan ve kimyasal olmayan yap\u0131\u015ft\u0131r\u0131c\u0131.<\/p>\n<p>1Paket Gece Hijyenik Ped<\/p>\n<p>1Paket G\u00fcnd\u00fcz hijyenik Ped<\/p>\n<p>1Paket G\u00fcnl\u00fck Ped<\/p>\n<p>Toplam 3 paket Hijyenik Ped G\u00f6nderilecektir<\/p>","protected":false},"excerpt":{"rendered":"<p>Ncm Wow Lady Ultra yumu\u015fak \u00fcst tabaka G\u00fc\u00e7l\u00fc emilim sayesinde s\u0131v\u0131y\u0131 emerek \u0131slakl\u0131k hissini engeller Do\u011fal yap\u0131\u015fkanl\u0131 \u015feritler Pedin kaymas\u0131n\u0131 engeller ve v\u00fccudun \u015feklini al\u0131r Negatif iyonlar sayesinde zararl\u0131 mikro organizma olu\u015fumunu engeller Tamamen bitkisel Yosundan elde edilmi\u015f emicilik ki\u015fiyi Tamamen pamuk, Havay\u0131 ge\u00e7iren ve s\u0131v\u0131 ge\u00e7irmeyen tazelik veren tabaka. \u00d6zel dizayn edilmi\u015f insan sa\u011fl\u0131\u011f\u0131na<\/p>\n<div class=\"klb-readmore\"><a class=\"c-btn\" href=\"https:\/\/edmagaza.com\/en\/product\/wow-lady\/\">Read More <i class=\"far fa-plus\"><\/i><\/a><\/div>","protected":false},"featured_media":1052,"comment_status":"open","ping_status":"closed","template":"","meta":[],"product_brand":[],"product_cat":[30],"product_tag":[],"class_list":{"0":"post-832","1":"product","2":"type-product","3":"status-publish","4":"has-post-thumbnail","6":"product_cat-wow-lady","8":"first","9":"instock","10":"sale","11":"shipping-taxable","12":"purchasable","13":"product-type-simple"},"_links":{"self":[{"href":"https:\/\/edmagaza.com\/en\/wp-json\/wp\/v2\/product\/832","targetHints":{"allow":["GET"]}}],"collection":[{"href":"https:\/\/edmagaza.com\/en\/wp-json\/wp\/v2\/product"}],"about":[{"href":"https:\/\/edmagaza.com\/en\/wp-json\/wp\/v2\/types\/product"}],"replies":[{"embeddable":true,"href":"https:\/\/edmagaza.com\/en\/wp-json\/wp\/v2\/comments?post=832"}],"wp:featuredmedia":[{"embeddable":true,"href":"https:\/\/edmagaza.com\/en\/wp-json\/wp\/v2\/media\/1052"}],"wp:attachment":[{"href":"https:\/\/edmagaza.com\/en\/wp-json\/wp\/v2\/media?parent=832"}],"wp:term":[{"taxonomy":"product_brand","embeddable":true,"href":"https:\/\/edmagaza.com\/en\/wp-json\/wp\/v2\/product_brand?post=832"},{"taxonomy":"product_cat","embeddable":true,"href":"https:\/\/edmagaza.com\/en\/wp-json\/wp\/v2\/product_cat?post=832"},{"taxonomy":"product_tag","embeddable":true,"href":"https:\/\/edmagaza.com\/en\/wp-json\/wp\/v2\/product_tag?post=832"}],"curies":[{"name":"wp","href":"https:\/\/api.w.org\/{rel}","templated":true}]}}