{"id":662,"date":"2026-01-06T08:03:59","date_gmt":"2026-01-06T08:03:59","guid":{"rendered":"https:\/\/edmagaza.com\/?post_type=product&#038;p=662"},"modified":"2026-04-13T17:29:41","modified_gmt":"2026-04-13T17:29:41","slug":"ncm-c-vitamin-plush","status":"publish","type":"product","link":"https:\/\/edmagaza.com\/en\/product\/ncm-c-vitamin-plush\/","title":{"rendered":"Ncm C Vitamin Plush (30 G\u00fcnl\u00fck)"},"content":{"rendered":"<p>G\u00fcnboyu Enerjik&#8230;<\/p>\n<p>NCM Vitamin C Plus transdermal terap\u00f6tik teknoloji y\u00f6ntemi ile deri \u00fczerine yap\u0131\u015ft\u0131r\u0131larak uygulanan \u00f6zel bir \u00fcr\u00fcndur<\/p>\n<p>NCM International y\u00fcksek teknoloji ve AR-GE \u00e7al\u0131\u015fmalar\u0131 sonucu \u00fcretilmi\u015f \u00fcr\u00fcnleri ile hayat\u0131n\u0131za de\u011fer katar.<\/p>\n<p>\u00dcr\u00fcn Muhteviyat\u0131:<\/p>\n<p>Vitamin C, Zinc, Echinacea, Propolis Extract, Oregano Oil Rosemary Oil, Black Seed Oil Extract, Olive Leaf Extract, Rose Hip Exrtact Vitamin A, Vitamin B2 Vitamin B6<\/p>\n<p>Tek kullan\u0131ml\u0131k olan trensdermal bantlar temiz, t\u00fcys\u00fcz, kuru ve b\u00fct\u00fcnl\u00fc\u011f\u00fc bozulmam\u0131\u015f deriye yap\u0131\u015ft\u0131r\u0131larak kullan\u0131l\u0131r. Paket i\u00e7erisinde 30 adet tek kullan\u0131ml\u0131k \u00fcr\u00fcn bulunmaktad\u0131r.<\/p>","protected":false},"excerpt":{"rendered":"<p>G\u00fcnboyu Enerjik&#8230; NCM Vitamin C Plus transdermal terap\u00f6tik teknoloji y\u00f6ntemi ile deri \u00fczerine yap\u0131\u015ft\u0131r\u0131larak uygulanan \u00f6zel bir \u00fcr\u00fcndur NCM International y\u00fcksek teknoloji ve AR-GE \u00e7al\u0131\u015fmalar\u0131 sonucu \u00fcretilmi\u015f \u00fcr\u00fcnleri ile hayat\u0131n\u0131za de\u011fer katar. \u00dcr\u00fcn Muhteviyat\u0131: Vitamin C, Zinc, Echinacea, Propolis Extract, Oregano Oil Rosemary Oil, Black Seed Oil Extract, Olive Leaf Extract, Rose Hip Exrtact Vitamin<\/p>\n<div class=\"klb-readmore\"><a class=\"c-btn\" href=\"https:\/\/edmagaza.com\/en\/product\/ncm-c-vitamin-plush\/\">Read More <i class=\"far fa-plus\"><\/i><\/a><\/div>","protected":false},"featured_media":1055,"comment_status":"open","ping_status":"closed","template":"","meta":[],"product_brand":[],"product_cat":[36],"product_tag":[],"class_list":{"0":"post-662","1":"product","2":"type-product","3":"status-publish","4":"has-post-thumbnail","6":"product_cat-vitamin-c-plus","8":"first","9":"instock","10":"sale","11":"shipping-taxable","12":"purchasable","13":"product-type-simple"},"_links":{"self":[{"href":"https:\/\/edmagaza.com\/en\/wp-json\/wp\/v2\/product\/662","targetHints":{"allow":["GET"]}}],"collection":[{"href":"https:\/\/edmagaza.com\/en\/wp-json\/wp\/v2\/product"}],"about":[{"href":"https:\/\/edmagaza.com\/en\/wp-json\/wp\/v2\/types\/product"}],"replies":[{"embeddable":true,"href":"https:\/\/edmagaza.com\/en\/wp-json\/wp\/v2\/comments?post=662"}],"wp:featuredmedia":[{"embeddable":true,"href":"https:\/\/edmagaza.com\/en\/wp-json\/wp\/v2\/media\/1055"}],"wp:attachment":[{"href":"https:\/\/edmagaza.com\/en\/wp-json\/wp\/v2\/media?parent=662"}],"wp:term":[{"taxonomy":"product_brand","embeddable":true,"href":"https:\/\/edmagaza.com\/en\/wp-json\/wp\/v2\/product_brand?post=662"},{"taxonomy":"product_cat","embeddable":true,"href":"https:\/\/edmagaza.com\/en\/wp-json\/wp\/v2\/product_cat?post=662"},{"taxonomy":"product_tag","embeddable":true,"href":"https:\/\/edmagaza.com\/en\/wp-json\/wp\/v2\/product_tag?post=662"}],"curies":[{"name":"wp","href":"https:\/\/api.w.org\/{rel}","templated":true}]}}