{"id":661,"date":"2026-01-06T08:02:46","date_gmt":"2026-01-06T08:02:46","guid":{"rendered":"https:\/\/edmagaza.com\/?post_type=product&#038;p=661"},"modified":"2026-04-13T17:29:02","modified_gmt":"2026-04-13T17:29:02","slug":"ncm-b12-vitamin-plus-30gunluk","status":"publish","type":"product","link":"https:\/\/edmagaza.com\/en\/product\/ncm-b12-vitamin-plus-30gunluk\/","title":{"rendered":"Ncm B12 Vitamin Plus (30 G\u00fcnl\u00fck)"},"content":{"rendered":"<p>Kendini Yenile.<\/p>\n<p>NCM Vitamin B12 Plus transdermal terap\u00f6tik teknoloji y\u00f6ntemi ile deri \u00fczerine yap\u0131\u015ft\u0131r\u0131larak uygulanan \u00f6zel bir \u00fcr\u00fcnd\u00fcr.<\/p>\n<p>NCM International y\u00fcksek teknoloji ve AR-GE \u00e7al\u0131\u015fmalar\u0131 sonucu \u00fcretilmi\u015f \u00fcr\u00fcnleri ile hayat\u0131n\u0131za de\u011fer katar.<\/p>\n<p>\u00dcr\u00fcn Muhteviyat\u0131:<\/p>\n<p>Vitamin B12, Vitamin E, Vitamin B1 Vitamin C, Vitamin B3, Folik Asit (Folic Acid)<\/p>\n<p>Tek kullan\u0131ml\u0131k olan trensdermal bantlar temiz, t\u00fcys\u00fcz, kuru ve b\u00fct\u00fcnl\u00fc\u011f\u00fc bozulmam\u0131\u015f deriye yap\u0131\u015ft\u0131r\u0131larak kullan\u0131l\u0131r.<\/p>\n<p class=\"product-description-content\">G\u00fcnl\u00fck vitamin ihtiyac\u0131n\u0131z\u0131 kar\u015f\u0131lamak i\u00e7in ideal, 6&#8217;l\u0131 set halinde sunulan B12 vitamini takviyesi<\/p>\n<p class=\"product-description-content\">B vitamini kompleksi, enerji \u00fcretiminde ve h\u00fccre sa\u011fl\u0131\u011f\u0131nda \u00f6nemli rol oynayan bir besin takviyesidir<\/p>\n<p class=\"product-description-content\">Kolay t\u00fcketim i\u00e7in tablet formunda \u00fcretilmi\u015f olup, g\u00fcnl\u00fck rutininize kolayca entegre edilebilir<\/p>\n<p>30 G\u00fcnl\u00fck Kullan\u0131m G\u00f6nderilecektir.<\/p>","protected":false},"excerpt":{"rendered":"<p>Kendini Yenile. NCM Vitamin B12 Plus transdermal terap\u00f6tik teknoloji y\u00f6ntemi ile deri \u00fczerine yap\u0131\u015ft\u0131r\u0131larak uygulanan \u00f6zel bir \u00fcr\u00fcnd\u00fcr. NCM International y\u00fcksek teknoloji ve AR-GE \u00e7al\u0131\u015fmalar\u0131 sonucu \u00fcretilmi\u015f \u00fcr\u00fcnleri ile hayat\u0131n\u0131za de\u011fer katar. \u00dcr\u00fcn Muhteviyat\u0131: Vitamin B12, Vitamin E, Vitamin B1 Vitamin C, Vitamin B3, Folik Asit (Folic Acid) Tek kullan\u0131ml\u0131k olan trensdermal bantlar temiz, t\u00fcys\u00fcz,<\/p>\n<div class=\"klb-readmore\"><a class=\"c-btn\" href=\"https:\/\/edmagaza.com\/en\/product\/ncm-b12-vitamin-plus-30gunluk\/\">Read More <i class=\"far fa-plus\"><\/i><\/a><\/div>","protected":false},"featured_media":914,"comment_status":"open","ping_status":"closed","template":"","meta":[],"product_brand":[],"product_cat":[38],"product_tag":[],"class_list":{"0":"post-661","1":"product","2":"type-product","3":"status-publish","4":"has-post-thumbnail","6":"product_cat-vitamin-b12-plus","8":"first","9":"instock","10":"sale","11":"shipping-taxable","12":"purchasable","13":"product-type-simple"},"_links":{"self":[{"href":"https:\/\/edmagaza.com\/en\/wp-json\/wp\/v2\/product\/661","targetHints":{"allow":["GET"]}}],"collection":[{"href":"https:\/\/edmagaza.com\/en\/wp-json\/wp\/v2\/product"}],"about":[{"href":"https:\/\/edmagaza.com\/en\/wp-json\/wp\/v2\/types\/product"}],"replies":[{"embeddable":true,"href":"https:\/\/edmagaza.com\/en\/wp-json\/wp\/v2\/comments?post=661"}],"wp:featuredmedia":[{"embeddable":true,"href":"https:\/\/edmagaza.com\/en\/wp-json\/wp\/v2\/media\/914"}],"wp:attachment":[{"href":"https:\/\/edmagaza.com\/en\/wp-json\/wp\/v2\/media?parent=661"}],"wp:term":[{"taxonomy":"product_brand","embeddable":true,"href":"https:\/\/edmagaza.com\/en\/wp-json\/wp\/v2\/product_brand?post=661"},{"taxonomy":"product_cat","embeddable":true,"href":"https:\/\/edmagaza.com\/en\/wp-json\/wp\/v2\/product_cat?post=661"},{"taxonomy":"product_tag","embeddable":true,"href":"https:\/\/edmagaza.com\/en\/wp-json\/wp\/v2\/product_tag?post=661"}],"curies":[{"name":"wp","href":"https:\/\/api.w.org\/{rel}","templated":true}]}}