{"id":660,"date":"2026-01-06T08:01:29","date_gmt":"2026-01-06T08:01:29","guid":{"rendered":"https:\/\/edmagaza.com\/?post_type=product&#038;p=660"},"modified":"2026-04-13T17:29:23","modified_gmt":"2026-04-13T17:29:23","slug":"ncm-power-15-adet","status":"publish","type":"product","link":"https:\/\/edmagaza.com\/en\/product\/ncm-power-15-adet\/","title":{"rendered":"Ncm Power L-Carnitin (15 Adet)"},"content":{"rendered":"<p>NCM International y\u00fcksek teknoloji ve AR-GE \u00e7al\u0131\u015fmalar\u0131 sonucu \u00fcretilmi\u015f \u00fcr\u00fcnleri ile hayat\u0131n\u0131za de\u011fer katar.<\/p>\n<p>NCM Power Nedir?<\/p>\n<p>NCM Power, L-Carnitine, L-Arginine, CoenzimQ10, Tribulus Terrestris, Epimedium Sagittatum Ferula Elatior, Red Korean Ginseng, Zinc, Folic Asid, Vitamin B12 i\u00e7eren \u00f6zel bir \u00fcr\u00fcnd\u00fcr. Bitkisel ekstraktlardan ve kaliteli hammaddelerden olu\u015fan NCM Power, y\u00fcksek kalite standartlar\u0131nda \u00fcretilerek t\u00fcketicilerimizin kullan\u0131m\u0131na sunulmaktad\u0131r. NCM Power&#8217;in i\u00e7erisinde hi\u00e7bir koruyucu ve katk\u0131 maddesi bulunmamaktad\u0131r.<\/p>\n<p>NCM Power, bay ve bayanlar\u0131n kullan\u0131m\u0131na uygun \u00f6zel bir \u00fcr\u00fcnd\u00fcr.<\/p>\n<p>Yunanca &#8220;tam iyile\u015fme&#8221; anlam\u0131na gelen Ginsengin botanik ad\u0131 &#8220;Panax&#8221;t\u0131r. &#8220;Panacea&#8221; kelimesinden t\u00fcremi\u015ftir. Ginseng bitkisi b\u00fcy\u00fck kaz\u0131k k\u00f6kl\u00fc \u00e7ok y\u0131ll\u0131k otsu bir bitkidir. \u00c7in, Kore, Japonya gibi Uzakdo\u011fu \u00fclkelerinde yabani olarak yeti\u015fmesinin yan\u0131 s\u0131ra, tar\u0131m\u0131 da yap\u0131lmaktad\u0131r. Ginseng bitkisi &#8216;ginsenosit&#8217; ad\u0131 verilen panaxosidesitler, triterpeniksaponositler, panaxetanol ve D glubu vitarninleri bar\u0131nd\u0131rmaktad\u0131r. Epimedyum bitkisi, Anadolu&#8217;da ad\u0131yla m\u00fcstesna azg\u0131n teke&#8221; olarak bilinmektedir. Y\u00fczy\u0131llar \u00f6nce \u00c7inli bir \u00e7oban\u0131n toplad\u0131\u011f\u0131 otlar\u0131 t\u00fcketen ke\u00e7ilerinin, aktif olarak \u00e7iftle\u015fti\u011fini g\u00f6zlemlemesi sonucu pop\u00fcler olan bu bitki, \u00f6nemli etken madde ve bile\u015fikleri bar\u0131nd\u0131rmaktad\u0131r.<\/p>","protected":false},"excerpt":{"rendered":"<p class=\"product-description-content\">Ncm powder 15 adet Ncm power l-Carnitine , l-Arginine i\u00e7erir.<\/p>\n<p class=\"product-description-content\">T\u00fcketim \u00f6nerisi : 1G\u00fcn ara ile\u00a0 1 defa 1 \u015fase yeteri kadar su ile kar\u0131\u015ft\u0131r\u0131larak t\u00fcketilmelidir.<\/p>\n<p class=\"product-description-content\">Yeti\u015fkinlerin kullan\u0131m\u0131na uygundur.<\/p>\n<p class=\"product-description-content\">Paket i\u00e7eri\u011fi 15x7gr \u015fase<\/p>","protected":false},"featured_media":1070,"comment_status":"open","ping_status":"closed","template":"","meta":[],"product_brand":[],"product_cat":[39],"product_tag":[],"class_list":{"0":"post-660","1":"product","2":"type-product","3":"status-publish","4":"has-post-thumbnail","6":"product_cat-ncm-power","8":"first","9":"instock","10":"shipping-taxable","11":"purchasable","12":"product-type-simple"},"_links":{"self":[{"href":"https:\/\/edmagaza.com\/en\/wp-json\/wp\/v2\/product\/660","targetHints":{"allow":["GET"]}}],"collection":[{"href":"https:\/\/edmagaza.com\/en\/wp-json\/wp\/v2\/product"}],"about":[{"href":"https:\/\/edmagaza.com\/en\/wp-json\/wp\/v2\/types\/product"}],"replies":[{"embeddable":true,"href":"https:\/\/edmagaza.com\/en\/wp-json\/wp\/v2\/comments?post=660"}],"wp:featuredmedia":[{"embeddable":true,"href":"https:\/\/edmagaza.com\/en\/wp-json\/wp\/v2\/media\/1070"}],"wp:attachment":[{"href":"https:\/\/edmagaza.com\/en\/wp-json\/wp\/v2\/media?parent=660"}],"wp:term":[{"taxonomy":"product_brand","embeddable":true,"href":"https:\/\/edmagaza.com\/en\/wp-json\/wp\/v2\/product_brand?post=660"},{"taxonomy":"product_cat","embeddable":true,"href":"https:\/\/edmagaza.com\/en\/wp-json\/wp\/v2\/product_cat?post=660"},{"taxonomy":"product_tag","embeddable":true,"href":"https:\/\/edmagaza.com\/en\/wp-json\/wp\/v2\/product_tag?post=660"}],"curies":[{"name":"wp","href":"https:\/\/api.w.org\/{rel}","templated":true}]}}