{"id":659,"date":"2026-01-06T07:59:41","date_gmt":"2026-01-06T07:59:41","guid":{"rendered":"https:\/\/edmagaza.com\/?post_type=product&#038;p=659"},"modified":"2026-04-13T17:28:37","modified_gmt":"2026-04-13T17:28:37","slug":"ncm-international-sleep-patch-30gunluk","status":"publish","type":"product","link":"https:\/\/edmagaza.com\/en\/product\/ncm-international-sleep-patch-30gunluk\/","title":{"rendered":"Ncm Sleep Patch Melatonin (30 G\u00fcnl\u00fck)"},"content":{"rendered":"<p class=\"product-description-content\">Melatonin hormonu, uyku s\u00fcresinden ba\u011f\u0131ms\u0131z olarak uyku kalitesini art\u0131r\u0131r.<\/p>\n<p class=\"product-description-content\">V\u00fccudun biyolojik saatini (sirkadyen ritim) d\u00fczenler.<\/p>\n<p class=\"product-description-content\">NCM Melatonin Sleep Patch, i\u00e7erisindeki bitki ya\u011flar\u0131 ve melatonin hormonu sayesinde huzur- suzluk, kayg\u0131 ve fiziksel yorgunluktan dolay\u0131 meydana gelebilen stres ve uyku problemlerinin Transdermal Terap\u00f6tik Sistem (TfS) teknolojisiy- le \u00e7\u00f6z\u00fcm\u00fcne destek olur.<\/p>\n<p class=\"product-description-content\">Bunun yan\u0131nda melatonin hormonu \u00e7e\u015fitli kanser t\u00fcrlerine kar\u015f\u0131 olumlu etki sa\u011flar.<\/p>\n<p class=\"product-description-content\">Yap\u0131lan ara\u015ft\u0131rmalar, v\u00fccudun d\u00fczenli melatonin hormo- nu salg\u0131lamas\u0131n\u0131n \u00f6zellikle kolon kanseri ve meme kanseri \u00fczerinde melatoninin \u00f6nemli bir rol oynad\u0131\u011f\u0131n\u0131 ortaya koymu\u015ftur.<\/p>\n<p class=\"product-description-content\">Stresi azaltan ve ba\u011f\u0131\u015f\u0131kl\u0131k sistemini g\u00fc\u00e7lendi- ren melatonin hormonu, uzun ya\u015fam\u0131n form\u00fcl\u00fc ve ya\u015flanma kar\u015f\u0131t\u0131 (anti-aging) olarak tan\u0131mlan- maktad\u0131r.<\/p>\n<p class=\"product-description-content\">MELATONIN i\u00e7eri\u011finde g\u00fcl ya\u011f\u0131, lavanta ya\u011f\u0131 bulunmaktad\u0131r bant olarak kullan\u0131lmaktad\u0131r.<\/p>\n<p class=\"product-description-content\">i\u00e7eri\u011finde g\u00fcl ya\u011f\u0131, lavanta ya\u011f\u0131 bulunmaktad\u0131r bant olarak kullan\u0131lmaktad\u0131r.<\/p>\n<p class=\"product-description-content\">30 g\u00fcnl\u00fck kullan\u0131md\u0131r.<\/p>","protected":false},"excerpt":{"rendered":"<p>Melatonin hormonu, uyku s\u00fcresinden ba\u011f\u0131ms\u0131z olarak uyku kalitesini art\u0131r\u0131r. V\u00fccudun biyolojik saatini (sirkadyen ritim) d\u00fczenler. NCM Melatonin Sleep Patch, i\u00e7erisindeki bitki ya\u011flar\u0131 ve melatonin hormonu sayesinde huzur- suzluk, kayg\u0131 ve fiziksel yorgunluktan dolay\u0131 meydana gelebilen stres ve uyku problemlerinin Transdermal Terap\u00f6tik Sistem (TfS) teknolojisiy- le \u00e7\u00f6z\u00fcm\u00fcne destek olur. Bunun yan\u0131nda melatonin hormonu \u00e7e\u015fitli kanser t\u00fcrlerine<\/p>\n<div class=\"klb-readmore\"><a class=\"c-btn\" href=\"https:\/\/edmagaza.com\/en\/product\/ncm-international-sleep-patch-30gunluk\/\">Read More <i class=\"far fa-plus\"><\/i><\/a><\/div>","protected":false},"featured_media":1074,"comment_status":"open","ping_status":"closed","template":"","meta":[],"product_brand":[],"product_cat":[31],"product_tag":[],"class_list":{"0":"post-659","1":"product","2":"type-product","3":"status-publish","4":"has-post-thumbnail","6":"product_cat-sleep-patch","8":"first","9":"instock","10":"sale","11":"shipping-taxable","12":"purchasable","13":"product-type-simple"},"_links":{"self":[{"href":"https:\/\/edmagaza.com\/en\/wp-json\/wp\/v2\/product\/659","targetHints":{"allow":["GET"]}}],"collection":[{"href":"https:\/\/edmagaza.com\/en\/wp-json\/wp\/v2\/product"}],"about":[{"href":"https:\/\/edmagaza.com\/en\/wp-json\/wp\/v2\/types\/product"}],"replies":[{"embeddable":true,"href":"https:\/\/edmagaza.com\/en\/wp-json\/wp\/v2\/comments?post=659"}],"wp:featuredmedia":[{"embeddable":true,"href":"https:\/\/edmagaza.com\/en\/wp-json\/wp\/v2\/media\/1074"}],"wp:attachment":[{"href":"https:\/\/edmagaza.com\/en\/wp-json\/wp\/v2\/media?parent=659"}],"wp:term":[{"taxonomy":"product_brand","embeddable":true,"href":"https:\/\/edmagaza.com\/en\/wp-json\/wp\/v2\/product_brand?post=659"},{"taxonomy":"product_cat","embeddable":true,"href":"https:\/\/edmagaza.com\/en\/wp-json\/wp\/v2\/product_cat?post=659"},{"taxonomy":"product_tag","embeddable":true,"href":"https:\/\/edmagaza.com\/en\/wp-json\/wp\/v2\/product_tag?post=659"}],"curies":[{"name":"wp","href":"https:\/\/api.w.org\/{rel}","templated":true}]}}