{"id":1574,"date":"2026-04-13T17:55:56","date_gmt":"2026-04-13T17:55:56","guid":{"rendered":"https:\/\/edmagaza.com\/?post_type=product&#038;p=1574"},"modified":"2026-04-13T18:02:31","modified_gmt":"2026-04-13T18:02:31","slug":"ncm-wow-lady-gece-hijyenik-ped-9lu-set","status":"publish","type":"product","link":"https:\/\/edmagaza.com\/en\/product\/ncm-wow-lady-gece-hijyenik-ped-9lu-set\/","title":{"rendered":"Ncm Wow Lady Gece Hijyenik Ped 9&#8217;lu Set"},"content":{"rendered":"<p class=\"product-description-content\">Wow lady 9lu gece pedi.<\/p>\n<p class=\"product-description-content\">Ultra yumu\u015fak \u00fcst tabaka G\u00fc\u00e7l\u00fc emilim sayesinde s\u0131v\u0131y\u0131 emerek \u0131slakl\u0131k hissini engeller<\/p>\n<p class=\"product-description-content\">Do\u011fal yap\u0131\u015fkanl\u0131 \u015feritler,Pedin kaymas\u0131n\u0131 engeller ve v\u00fccudun \u015feklini al\u0131r<\/p>\n<p class=\"product-description-content\">Negatif iyonlar sayesinde zararl\u0131 mikro organizma olu\u015fumunu engeller<\/p>\n<p class=\"product-description-content\">Tamamen bitkisel Yosundan elde edilmi\u015f emicilik ki\u015fiyi Tamamen pamuk<\/p>\n<p class=\"product-description-content\">UZUUUUUUUUUUUN gecelerin keyfini \u00e7\u0131kar\u0131n, NCM WoW Lady Night Use, ultra yumu\u015fak ve s\u0131zd\u0131rmaz yap\u0131s\u0131 ile t\u00fcm gece yan\u0131n\u0131zda.<\/p>\n<p class=\"product-description-content\">Fark\u0131 Hissedeceksiniz.<\/p>\n<p class=\"product-description-content\">Negatif iyon \u015feridine sahip Ncm Wow Lady\u2019nin 3 kat daha h\u0131zl\u0131 emilim sa\u011flayan ipeksi ve yumu\u015fak pamuk y\u00fczeyi di\u011fer pedlerin hapsetti\u011fi s\u0131v\u0131n\u0131n iki kat\u0131n\u0131 hapseder ve s\u0131zd\u0131rmay\u0131 \u00f6nler GECE PED\u0130(N\u0130GHT USED): 285 mm Pamuk, \u00c7am Re\u00e7inesi, Deniz Yosunu Aktif Oksijen ve Negatif iyonlu, 7 katmandan olu\u015fan Hijyenik Ped.<\/p>\n<p class=\"product-description-content\">Pakette 8 adet bulunur.<\/p>","protected":false},"excerpt":{"rendered":"<p>Wow lady 9lu gece pedi. Ultra yumu\u015fak \u00fcst tabaka G\u00fc\u00e7l\u00fc emilim sayesinde s\u0131v\u0131y\u0131 emerek \u0131slakl\u0131k hissini engeller Do\u011fal yap\u0131\u015fkanl\u0131 \u015feritler,Pedin kaymas\u0131n\u0131 engeller ve v\u00fccudun \u015feklini al\u0131r Negatif iyonlar sayesinde zararl\u0131 mikro organizma olu\u015fumunu engeller Tamamen bitkisel Yosundan elde edilmi\u015f emicilik ki\u015fiyi Tamamen pamuk UZUUUUUUUUUUUN gecelerin keyfini \u00e7\u0131kar\u0131n, NCM WoW Lady Night Use, ultra yumu\u015fak ve<\/p>\n<div class=\"klb-readmore\"><a class=\"c-btn\" href=\"https:\/\/edmagaza.com\/en\/product\/ncm-wow-lady-gece-hijyenik-ped-9lu-set\/\">Read More <i class=\"far fa-plus\"><\/i><\/a><\/div>","protected":false},"featured_media":1578,"comment_status":"open","ping_status":"closed","template":"","meta":[],"product_brand":[],"product_cat":[30],"product_tag":[],"class_list":{"0":"post-1574","1":"product","2":"type-product","3":"status-publish","4":"has-post-thumbnail","6":"product_cat-wow-lady","8":"first","9":"instock","10":"sale","11":"shipping-taxable","12":"purchasable","13":"product-type-simple"},"_links":{"self":[{"href":"https:\/\/edmagaza.com\/en\/wp-json\/wp\/v2\/product\/1574","targetHints":{"allow":["GET"]}}],"collection":[{"href":"https:\/\/edmagaza.com\/en\/wp-json\/wp\/v2\/product"}],"about":[{"href":"https:\/\/edmagaza.com\/en\/wp-json\/wp\/v2\/types\/product"}],"replies":[{"embeddable":true,"href":"https:\/\/edmagaza.com\/en\/wp-json\/wp\/v2\/comments?post=1574"}],"wp:featuredmedia":[{"embeddable":true,"href":"https:\/\/edmagaza.com\/en\/wp-json\/wp\/v2\/media\/1578"}],"wp:attachment":[{"href":"https:\/\/edmagaza.com\/en\/wp-json\/wp\/v2\/media?parent=1574"}],"wp:term":[{"taxonomy":"product_brand","embeddable":true,"href":"https:\/\/edmagaza.com\/en\/wp-json\/wp\/v2\/product_brand?post=1574"},{"taxonomy":"product_cat","embeddable":true,"href":"https:\/\/edmagaza.com\/en\/wp-json\/wp\/v2\/product_cat?post=1574"},{"taxonomy":"product_tag","embeddable":true,"href":"https:\/\/edmagaza.com\/en\/wp-json\/wp\/v2\/product_tag?post=1574"}],"curies":[{"name":"wp","href":"https:\/\/api.w.org\/{rel}","templated":true}]}}