{"id":1570,"date":"2026-04-13T17:16:55","date_gmt":"2026-04-13T17:16:55","guid":{"rendered":"https:\/\/edmagaza.com\/?post_type=product&#038;p=1570"},"modified":"2026-04-13T17:33:41","modified_gmt":"2026-04-13T17:33:41","slug":"ncm-wow-lady-gunluk-hijyenik-ped-3lu-set","status":"publish","type":"product","link":"https:\/\/edmagaza.com\/en\/product\/ncm-wow-lady-gunluk-hijyenik-ped-3lu-set\/","title":{"rendered":"Ncm Wow Lady G\u00fcnl\u00fck Hijyenik Ped 3l\u00fc Set"},"content":{"rendered":"<p>Negatif iyon \u015feridine sahip Ncm Wow Lady&#8217;nin 3 kat daha h\u0131zl\u0131 emilim sa\u011flayan ipeksi ve yumu\u015fak pamuk y\u00fczeyi di\u011fer pedlerin hapsetti\u011fi s\u0131v\u0131n\u0131n iki kat\u0131n\u0131 hapseder ve s\u0131zd\u0131rmay\u0131 \u00f6nler Nemlendi\u011fi zaman b\u00fcy\u00fck oranda anyon a\u00e7\u0131\u011fa \u00e7\u0131kartan NCM Wow Lady \u00f6zel g\u00fcnlerinizde sizi korurken g\u00fcn boyu ferah hissetmenizi sa\u011flar.; G\u00dcNL\u00dcK PED(PANTY L\u0130NER): 155 mm Pamuk, \u00c7am Re\u00e7inesi, Deniz Yosunu Aktif Oksijen ve Negatif \u0130yonlu 6 katmandan olu\u015fan ultra ince ve g\u00fcnl\u00fck kullan\u0131ma uygun Hijyenik ped.; Pakette 20 adet bulunur.; 3PAKET G\u00d6NDER\u0130LECEKT\u0130R<\/p>","protected":false},"excerpt":{"rendered":"<p>Negatif iyon \u015feridine sahip Ncm Wow Lady&#8217;nin 3 kat daha h\u0131zl\u0131 emilim sa\u011flayan ipeksi ve yumu\u015fak pamuk y\u00fczeyi di\u011fer pedlerin hapsetti\u011fi s\u0131v\u0131n\u0131n iki kat\u0131n\u0131 hapseder ve s\u0131zd\u0131rmay\u0131 \u00f6nler Nemlendi\u011fi zaman b\u00fcy\u00fck oranda anyon a\u00e7\u0131\u011fa \u00e7\u0131kartan NCM Wow Lady \u00f6zel g\u00fcnlerinizde sizi korurken g\u00fcn boyu ferah hissetmenizi sa\u011flar.; G\u00dcNL\u00dcK PED(PANTY L\u0130NER): 155 mm Pamuk, \u00c7am Re\u00e7inesi,<\/p>\n<div class=\"klb-readmore\"><a class=\"c-btn\" href=\"https:\/\/edmagaza.com\/en\/product\/ncm-wow-lady-gunluk-hijyenik-ped-3lu-set\/\">Read More <i class=\"far fa-plus\"><\/i><\/a><\/div>","protected":false},"featured_media":1571,"comment_status":"open","ping_status":"closed","template":"","meta":[],"product_brand":[],"product_cat":[30],"product_tag":[],"class_list":{"0":"post-1570","1":"product","2":"type-product","3":"status-publish","4":"has-post-thumbnail","6":"product_cat-wow-lady","8":"first","9":"instock","10":"sale","11":"shipping-taxable","12":"purchasable","13":"product-type-simple"},"_links":{"self":[{"href":"https:\/\/edmagaza.com\/en\/wp-json\/wp\/v2\/product\/1570","targetHints":{"allow":["GET"]}}],"collection":[{"href":"https:\/\/edmagaza.com\/en\/wp-json\/wp\/v2\/product"}],"about":[{"href":"https:\/\/edmagaza.com\/en\/wp-json\/wp\/v2\/types\/product"}],"replies":[{"embeddable":true,"href":"https:\/\/edmagaza.com\/en\/wp-json\/wp\/v2\/comments?post=1570"}],"wp:featuredmedia":[{"embeddable":true,"href":"https:\/\/edmagaza.com\/en\/wp-json\/wp\/v2\/media\/1571"}],"wp:attachment":[{"href":"https:\/\/edmagaza.com\/en\/wp-json\/wp\/v2\/media?parent=1570"}],"wp:term":[{"taxonomy":"product_brand","embeddable":true,"href":"https:\/\/edmagaza.com\/en\/wp-json\/wp\/v2\/product_brand?post=1570"},{"taxonomy":"product_cat","embeddable":true,"href":"https:\/\/edmagaza.com\/en\/wp-json\/wp\/v2\/product_cat?post=1570"},{"taxonomy":"product_tag","embeddable":true,"href":"https:\/\/edmagaza.com\/en\/wp-json\/wp\/v2\/product_tag?post=1570"}],"curies":[{"name":"wp","href":"https:\/\/api.w.org\/{rel}","templated":true}]}}