{"id":1035,"date":"2026-03-02T11:51:24","date_gmt":"2026-03-02T11:51:24","guid":{"rendered":"https:\/\/edmagaza.com\/?post_type=product&#038;p=1035"},"modified":"2026-04-13T17:37:08","modified_gmt":"2026-04-13T17:37:08","slug":"wow-lady-gunluk-ped-set-9paket","status":"publish","type":"product","link":"https:\/\/edmagaza.com\/en\/product\/wow-lady-gunluk-ped-set-9paket\/","title":{"rendered":"Ncm Wow Lady G\u00fcnl\u00fck Ped Set (9Paket)"},"content":{"rendered":"<p class=\"product-description-content\">Negatif iyon \u015feridine sahip Ncm Wow Lady&#8217;nin 3 kat daha h\u0131zl\u0131 emilim sa\u011flayan ipeksi ve yumu- \u015fak pamuk y\u00fczeyi di\u011fer pedlerin hapsetti\u011fi s\u0131v\u0131- n\u0131n iki kat\u0131n\u0131 hapseder ve s\u0131zd\u0131rmay\u0131 \u00f6nler Nemlendi\u011fi zaman b\u00fcy\u00fck oranda anyon a\u00e7\u0131\u011fa \u00e7\u0131kartan NCM Wow Lady \u00f6zel g\u00fcnlerinizde sizi korurken g\u00fcn boyu ferah hissetmenizi sa\u011flar.<\/p>\n<p class=\"product-description-content\">G\u00dcNL\u00dcK PED(PANTY L\u0130NER): 155 mm Pamuk, \u00c7am Re\u00e7inesi, Deniz Yosunu Aktif Oksijen ve Negatif \u0130yonlu 6 katmandan olu\u015fan ultra ince ve g\u00fcnl\u00fck kullan\u0131ma uygun Hijyenik ped.<\/p>\n<p class=\"product-description-content\">Pakette 20 adet bulunur. Toplam 9 Paket G\u00f6nderilecektir.<\/p>","protected":false},"excerpt":{"rendered":"<p>Negatif iyon \u015feridine sahip Ncm Wow Lady&#8217;nin 3 kat daha h\u0131zl\u0131 emilim sa\u011flayan ipeksi ve yumu- \u015fak pamuk y\u00fczeyi di\u011fer pedlerin hapsetti\u011fi s\u0131v\u0131- n\u0131n iki kat\u0131n\u0131 hapseder ve s\u0131zd\u0131rmay\u0131 \u00f6nler Nemlendi\u011fi zaman b\u00fcy\u00fck oranda anyon a\u00e7\u0131\u011fa \u00e7\u0131kartan NCM Wow Lady \u00f6zel g\u00fcnlerinizde sizi korurken g\u00fcn boyu ferah hissetmenizi sa\u011flar. G\u00dcNL\u00dcK PED(PANTY L\u0130NER): 155 mm Pamuk,<\/p>\n<div class=\"klb-readmore\"><a class=\"c-btn\" href=\"https:\/\/edmagaza.com\/en\/product\/wow-lady-gunluk-ped-set-9paket\/\">Read More <i class=\"far fa-plus\"><\/i><\/a><\/div>","protected":false},"featured_media":1493,"comment_status":"open","ping_status":"closed","template":"","meta":[],"product_brand":[],"product_cat":[30],"product_tag":[],"class_list":{"0":"post-1035","1":"product","2":"type-product","3":"status-publish","4":"has-post-thumbnail","6":"product_cat-wow-lady","8":"first","9":"instock","10":"sale","11":"shipping-taxable","12":"purchasable","13":"product-type-simple"},"_links":{"self":[{"href":"https:\/\/edmagaza.com\/en\/wp-json\/wp\/v2\/product\/1035","targetHints":{"allow":["GET"]}}],"collection":[{"href":"https:\/\/edmagaza.com\/en\/wp-json\/wp\/v2\/product"}],"about":[{"href":"https:\/\/edmagaza.com\/en\/wp-json\/wp\/v2\/types\/product"}],"replies":[{"embeddable":true,"href":"https:\/\/edmagaza.com\/en\/wp-json\/wp\/v2\/comments?post=1035"}],"wp:featuredmedia":[{"embeddable":true,"href":"https:\/\/edmagaza.com\/en\/wp-json\/wp\/v2\/media\/1493"}],"wp:attachment":[{"href":"https:\/\/edmagaza.com\/en\/wp-json\/wp\/v2\/media?parent=1035"}],"wp:term":[{"taxonomy":"product_brand","embeddable":true,"href":"https:\/\/edmagaza.com\/en\/wp-json\/wp\/v2\/product_brand?post=1035"},{"taxonomy":"product_cat","embeddable":true,"href":"https:\/\/edmagaza.com\/en\/wp-json\/wp\/v2\/product_cat?post=1035"},{"taxonomy":"product_tag","embeddable":true,"href":"https:\/\/edmagaza.com\/en\/wp-json\/wp\/v2\/product_tag?post=1035"}],"curies":[{"name":"wp","href":"https:\/\/api.w.org\/{rel}","templated":true}]}}