{"id":789,"date":"2026-01-07T09:30:20","date_gmt":"2026-01-07T09:30:20","guid":{"rendered":"https:\/\/edmagaza.com\/?page_id=789"},"modified":"2026-01-07T09:30:23","modified_gmt":"2026-01-07T09:30:23","slug":"gizlilik-politikasi","status":"publish","type":"page","link":"https:\/\/edmagaza.com\/en\/gizlilik-politikasi\/","title":{"rendered":"G\u0130ZL\u0130L\u0130K POL\u0130T\u0130KASI"},"content":{"rendered":"<h3 class=\"wp-block-heading\">Gizlilik Politikas\u0131<\/h3>\n\n\n\n<p>ED Ma\u011faza, kullan\u0131c\u0131lar\u0131n\u0131n gizlili\u011fine sayg\u0131 duyar ve web sitesi \u00fczerinden payla\u015f\u0131lan bilgilerin korunmas\u0131 i\u00e7in gerekli teknik ve idari \u00f6nlemleri al\u0131r.<\/p>\n\n\n\n<p>Web sitemiz \u00fczerinden payla\u015f\u0131lan bilgiler:<\/p>\n\n\n\n<ul class=\"wp-block-list\">\n<li>Yetkisiz eri\u015fime kar\u015f\u0131 korunur<\/li>\n\n\n\n<li>\u00dc\u00e7\u00fcnc\u00fc ki\u015filerle izinsiz payla\u015f\u0131lmaz<\/li>\n\n\n\n<li>Yaln\u0131zca hizmetin sunulmas\u0131 amac\u0131yla kullan\u0131l\u0131r<\/li>\n<\/ul>\n\n\n\n<p>Sa\u011fl\u0131k \u00fcr\u00fcnleri kapsam\u0131nda sunulan i\u00e7erikler <strong>bilgilendirme ama\u00e7l\u0131d\u0131r<\/strong> ve herhangi bir te\u015fhis veya tedavi yerine ge\u00e7mez.<\/p>\n\n\n\n<p>Web sitemizi kullanarak bu gizlilik politikas\u0131n\u0131 kabul etmi\u015f say\u0131l\u0131rs\u0131n\u0131z.<\/p>","protected":false},"excerpt":{"rendered":"<p>Gizlilik Politikas\u0131 ED Ma\u011faza, kullan\u0131c\u0131lar\u0131n\u0131n gizlili\u011fine sayg\u0131 duyar ve web sitesi \u00fczerinden payla\u015f\u0131lan bilgilerin korunmas\u0131 i\u00e7in gerekli teknik ve idari \u00f6nlemleri al\u0131r. Web sitemiz \u00fczerinden payla\u015f\u0131lan bilgiler: Sa\u011fl\u0131k \u00fcr\u00fcnleri kapsam\u0131nda sunulan i\u00e7erikler bilgilendirme ama\u00e7l\u0131d\u0131r ve herhangi bir te\u015fhis veya tedavi yerine ge\u00e7mez. Web sitemizi kullanarak bu gizlilik politikas\u0131n\u0131 kabul etmi\u015f say\u0131l\u0131rs\u0131n\u0131z.<\/p>","protected":false},"author":1,"featured_media":0,"parent":0,"menu_order":0,"comment_status":"closed","ping_status":"closed","template":"","meta":{"footnotes":""},"class_list":["post-789","page","type-page","status-publish","hentry"],"_links":{"self":[{"href":"https:\/\/edmagaza.com\/en\/wp-json\/wp\/v2\/pages\/789","targetHints":{"allow":["GET"]}}],"collection":[{"href":"https:\/\/edmagaza.com\/en\/wp-json\/wp\/v2\/pages"}],"about":[{"href":"https:\/\/edmagaza.com\/en\/wp-json\/wp\/v2\/types\/page"}],"author":[{"embeddable":true,"href":"https:\/\/edmagaza.com\/en\/wp-json\/wp\/v2\/users\/1"}],"replies":[{"embeddable":true,"href":"https:\/\/edmagaza.com\/en\/wp-json\/wp\/v2\/comments?post=789"}],"version-history":[{"count":1,"href":"https:\/\/edmagaza.com\/en\/wp-json\/wp\/v2\/pages\/789\/revisions"}],"predecessor-version":[{"id":790,"href":"https:\/\/edmagaza.com\/en\/wp-json\/wp\/v2\/pages\/789\/revisions\/790"}],"wp:attachment":[{"href":"https:\/\/edmagaza.com\/en\/wp-json\/wp\/v2\/media?parent=789"}],"curies":[{"name":"wp","href":"https:\/\/api.w.org\/{rel}","templated":true}]}}