{"id":787,"date":"2026-01-07T09:29:15","date_gmt":"2026-01-07T09:29:15","guid":{"rendered":"https:\/\/edmagaza.com\/?page_id=787"},"modified":"2026-01-07T09:29:18","modified_gmt":"2026-01-07T09:29:18","slug":"kvkk-aydinlatma-metni","status":"publish","type":"page","link":"https:\/\/edmagaza.com\/en\/kvkk-aydinlatma-metni\/","title":{"rendered":"KVKK AYDINLATMA METN\u0130"},"content":{"rendered":"<h3 class=\"wp-block-heading\">Ki\u015fisel Verilerin Korunmas\u0131 Hakk\u0131nda Ayd\u0131nlatma Metni<\/h3>\n\n\n\n<p>ED Ma\u011faza olarak, ki\u015fisel verilerinizin g\u00fcvenli\u011fi ve gizlili\u011fi konusuna b\u00fcy\u00fck \u00f6nem vermekteyiz. Bu kapsamda, 6698 say\u0131l\u0131 Ki\u015fisel Verilerin Korunmas\u0131 Kanunu (\u201cKVKK\u201d) uyar\u0131nca sizleri bilgilendirmek isteriz.<\/p>\n\n\n\n<h3 class=\"wp-block-heading\">Ki\u015fisel Verilerin \u0130\u015flenme Amac\u0131<\/h3>\n\n\n\n<p>Toplanan ki\u015fisel verileriniz;<\/p>\n\n\n\n<ul class=\"wp-block-list\">\n<li>Sipari\u015f s\u00fcre\u00e7lerinin y\u00fcr\u00fct\u00fclmesi<\/li>\n\n\n\n<li>Sat\u0131\u015f sonras\u0131 destek hizmetlerinin sa\u011flanmas\u0131<\/li>\n\n\n\n<li>Yasal y\u00fck\u00fcml\u00fcl\u00fcklerin yerine getirilmesi<\/li>\n\n\n\n<li>M\u00fc\u015fteri memnuniyetinin art\u0131r\u0131lmas\u0131<\/li>\n<\/ul>\n\n\n\n<p>ama\u00e7lar\u0131yla, ilgili mevzuata uygun olarak i\u015flenmektedir.<\/p>\n\n\n\n<h3 class=\"wp-block-heading\">Ki\u015fisel Verilerin Aktar\u0131m\u0131<\/h3>\n\n\n\n<p>Ki\u015fisel verileriniz, yaln\u0131zca hizmetin sa\u011flanabilmesi amac\u0131yla ve mevzuata uygun \u015fekilde yetkili ki\u015fi ve kurulu\u015flarla payla\u015f\u0131labilir.<\/p>\n\n\n\n<h3 class=\"wp-block-heading\">Veri Sahibi Olarak Haklar\u0131n\u0131z<\/h3>\n\n\n\n<p>KVKK\u2019n\u0131n 11. maddesi kapsam\u0131nda;<\/p>\n\n\n\n<ul class=\"wp-block-list\">\n<li>Ki\u015fisel verilerinizin i\u015flenip i\u015flenmedi\u011fini \u00f6\u011frenme<\/li>\n\n\n\n<li>\u0130\u015flenmi\u015fse buna ili\u015fkin bilgi talep etme<\/li>\n\n\n\n<li>D\u00fczeltilmesini veya silinmesini isteme<\/li>\n<\/ul>\n\n\n\n<p>haklar\u0131na sahipsiniz.<\/p>","protected":false},"excerpt":{"rendered":"<p>Ki\u015fisel Verilerin Korunmas\u0131 Hakk\u0131nda Ayd\u0131nlatma Metni ED Ma\u011faza olarak, ki\u015fisel verilerinizin g\u00fcvenli\u011fi ve gizlili\u011fi konusuna b\u00fcy\u00fck \u00f6nem vermekteyiz. Bu kapsamda, 6698 say\u0131l\u0131 Ki\u015fisel Verilerin Korunmas\u0131 Kanunu (\u201cKVKK\u201d) uyar\u0131nca sizleri bilgilendirmek isteriz. Ki\u015fisel Verilerin \u0130\u015flenme Amac\u0131 Toplanan ki\u015fisel verileriniz; ama\u00e7lar\u0131yla, ilgili mevzuata uygun olarak i\u015flenmektedir. Ki\u015fisel Verilerin Aktar\u0131m\u0131 Ki\u015fisel verileriniz, yaln\u0131zca hizmetin sa\u011flanabilmesi amac\u0131yla ve mevzuata<\/p>\n<div class=\"klb-readmore\"><a class=\"c-btn\" href=\"https:\/\/edmagaza.com\/en\/kvkk-aydinlatma-metni\/\">Read More <i class=\"far fa-plus\"><\/i><\/a><\/div>","protected":false},"author":1,"featured_media":0,"parent":0,"menu_order":0,"comment_status":"closed","ping_status":"closed","template":"","meta":{"footnotes":""},"class_list":["post-787","page","type-page","status-publish","hentry"],"_links":{"self":[{"href":"https:\/\/edmagaza.com\/en\/wp-json\/wp\/v2\/pages\/787","targetHints":{"allow":["GET"]}}],"collection":[{"href":"https:\/\/edmagaza.com\/en\/wp-json\/wp\/v2\/pages"}],"about":[{"href":"https:\/\/edmagaza.com\/en\/wp-json\/wp\/v2\/types\/page"}],"author":[{"embeddable":true,"href":"https:\/\/edmagaza.com\/en\/wp-json\/wp\/v2\/users\/1"}],"replies":[{"embeddable":true,"href":"https:\/\/edmagaza.com\/en\/wp-json\/wp\/v2\/comments?post=787"}],"version-history":[{"count":1,"href":"https:\/\/edmagaza.com\/en\/wp-json\/wp\/v2\/pages\/787\/revisions"}],"predecessor-version":[{"id":788,"href":"https:\/\/edmagaza.com\/en\/wp-json\/wp\/v2\/pages\/787\/revisions\/788"}],"wp:attachment":[{"href":"https:\/\/edmagaza.com\/en\/wp-json\/wp\/v2\/media?parent=787"}],"curies":[{"name":"wp","href":"https:\/\/api.w.org\/{rel}","templated":true}]}}