{"id":1207,"date":"2026-03-14T10:32:47","date_gmt":"2026-03-14T10:32:47","guid":{"rendered":"https:\/\/edmagaza.com\/?page_id=1207"},"modified":"2026-04-05T21:49:44","modified_gmt":"2026-04-05T21:49:44","slug":"urunler","status":"publish","type":"page","link":"https:\/\/edmagaza.com\/en\/urunler\/","title":{"rendered":"\u00dcr\u00fcnler"},"content":{"rendered":"<div data-elementor-type=\"wp-page\" data-elementor-id=\"1207\" class=\"elementor elementor-1207\" data-elementor-post-type=\"page\">\n\t\t\t\t<div class=\"elementor-element elementor-element-1157c5a e-flex e-con-boxed e-con e-parent\" data-id=\"1157c5a\" data-element_type=\"container\" data-e-type=\"container\" data-settings=\"{&quot;background_background&quot;:&quot;classic&quot;}\">\n\t\t\t\t\t<div class=\"e-con-inner\">\n\t\t<div class=\"elementor-element elementor-element-e1bc85f e-con-full e-flex e-con e-child\" data-id=\"e1bc85f\" data-element_type=\"container\" data-e-type=\"container\">\n\t\t<div class=\"elementor-element elementor-element-efafd93 e-con-full e-flex e-con e-child\" data-id=\"efafd93\" data-element_type=\"container\" data-e-type=\"container\" data-settings=\"{&quot;background_background&quot;:&quot;classic&quot;}\">\n\t\t\t\t<div class=\"elementor-element elementor-element-a045d81 elementor-widget elementor-widget-heading\" data-id=\"a045d81\" data-element_type=\"widget\" data-e-type=\"widget\" data-widget_type=\"heading.default\">\n\t\t\t\t\t<h2 class=\"elementor-heading-title elementor-size-default\">\u00dcr\u00fcnlerimiz<\/h2>\t\t\t\t<\/div>\n\t\t\t\t<\/div>\n\t\t\t\t<\/div>\n\t\t<div class=\"elementor-element elementor-element-cc4cdfc e-con-full e-flex e-con e-child\" data-id=\"cc4cdfc\" data-element_type=\"container\" data-e-type=\"container\">\n\t\t<div class=\"elementor-element elementor-element-c729adb e-con-full e-flex e-con e-child\" data-id=\"c729adb\" data-element_type=\"container\" data-e-type=\"container\" data-settings=\"{&quot;background_background&quot;:&quot;classic&quot;}\">\n\t\t\t\t<div class=\"elementor-element elementor-element-652e6f4 elementor-widget elementor-widget-image\" data-id=\"652e6f4\" data-element_type=\"widget\" data-e-type=\"widget\" data-widget_type=\"image.default\">\n\t\t\t\t\t\t\t\t\t\t\t\t\t\t\t<img fetchpriority=\"high\" decoding=\"async\" width=\"600\" height=\"600\" src=\"https:\/\/edmagaza.com\/wp-content\/uploads\/2026\/03\/Mediband-600x600-1.png\" class=\"attachment-large size-large wp-image-1238\" alt=\"\" srcset=\"https:\/\/edmagaza.com\/wp-content\/uploads\/2026\/03\/Mediband-600x600-1.png 600w, https:\/\/edmagaza.com\/wp-content\/uploads\/2026\/03\/Mediband-600x600-1-300x300.png 300w, https:\/\/edmagaza.com\/wp-content\/uploads\/2026\/03\/Mediband-600x600-1-150x150.png 150w, https:\/\/edmagaza.com\/wp-content\/uploads\/2026\/03\/Mediband-600x600-1-12x12.png 12w, https:\/\/edmagaza.com\/wp-content\/uploads\/2026\/03\/Mediband-600x600-1-450x450.png 450w, https:\/\/edmagaza.com\/wp-content\/uploads\/2026\/03\/Mediband-600x600-1-100x100.png 100w\" sizes=\"(max-width: 600px) 100vw, 600px\" \/>\t\t\t\t\t\t\t\t\t\t\t\t\t\t\t<\/div>\n\t\t\t\t<div class=\"elementor-element elementor-element-dfd24f8 elementor-widget elementor-widget-heading\" data-id=\"dfd24f8\" data-element_type=\"widget\" data-e-type=\"widget\" data-widget_type=\"heading.default\">\n\t\t\t\t\t<h2 class=\"elementor-heading-title elementor-size-default\">Mediband<\/h2>\t\t\t\t<\/div>\n\t\t\t\t<div class=\"elementor-element elementor-element-efc63d1 elementor-align-center elementor-widget elementor-widget-button\" data-id=\"efc63d1\" data-element_type=\"widget\" data-e-type=\"widget\" data-widget_type=\"button.default\">\n\t\t\t\t\t\t\t\t\t\t<a class=\"elementor-button elementor-button-link elementor-size-sm elementor-animation-grow\" href=\"https:\/\/edmagaza.com\/en\/mediband\/\">\n\t\t\t\t\t\t<span class=\"elementor-button-content-wrapper\">\n\t\t\t\t\t\t<span class=\"elementor-button-icon\">\n\t\t\t\t<i aria-hidden=\"true\" class=\"fas fa-long-arrow-alt-right\"><\/i>\t\t\t<\/span>\n\t\t\t\t\t\t\t\t\t<span class=\"elementor-button-text\">\u00dcr\u00fcn Detaylar\u0131<\/span>\n\t\t\t\t\t<\/span>\n\t\t\t\t\t<\/a>\n\t\t\t\t\t\t\t\t<\/div>\n\t\t\t\t<\/div>\n\t\t<div class=\"elementor-element elementor-element-f40b223 e-con-full e-flex e-con e-child\" data-id=\"f40b223\" data-element_type=\"container\" data-e-type=\"container\" data-settings=\"{&quot;background_background&quot;:&quot;classic&quot;}\">\n\t\t\t\t<div class=\"elementor-element elementor-element-24e5dbb elementor-widget elementor-widget-image\" data-id=\"24e5dbb\" data-element_type=\"widget\" data-e-type=\"widget\" data-widget_type=\"image.default\">\n\t\t\t\t\t\t\t\t\t\t\t\t\t\t\t<img decoding=\"async\" width=\"600\" height=\"600\" src=\"https:\/\/edmagaza.com\/wp-content\/uploads\/2026\/03\/wowlady-iyon-pad-600x600-1.png\" class=\"attachment-large size-large wp-image-1253\" alt=\"\" srcset=\"https:\/\/edmagaza.com\/wp-content\/uploads\/2026\/03\/wowlady-iyon-pad-600x600-1.png 600w, https:\/\/edmagaza.com\/wp-content\/uploads\/2026\/03\/wowlady-iyon-pad-600x600-1-300x300.png 300w, https:\/\/edmagaza.com\/wp-content\/uploads\/2026\/03\/wowlady-iyon-pad-600x600-1-150x150.png 150w, https:\/\/edmagaza.com\/wp-content\/uploads\/2026\/03\/wowlady-iyon-pad-600x600-1-12x12.png 12w, https:\/\/edmagaza.com\/wp-content\/uploads\/2026\/03\/wowlady-iyon-pad-600x600-1-450x450.png 450w, https:\/\/edmagaza.com\/wp-content\/uploads\/2026\/03\/wowlady-iyon-pad-600x600-1-100x100.png 100w\" sizes=\"(max-width: 600px) 100vw, 600px\" \/>\t\t\t\t\t\t\t\t\t\t\t\t\t\t\t<\/div>\n\t\t\t\t<div class=\"elementor-element elementor-element-80faf2d elementor-widget elementor-widget-heading\" data-id=\"80faf2d\" data-element_type=\"widget\" data-e-type=\"widget\" data-widget_type=\"heading.default\">\n\t\t\t\t\t<h2 class=\"elementor-heading-title elementor-size-default\"><a href=\"https:\/\/mertergin.com.tr\/ed\/wow-lady\/\">Wow Lady\n<\/a><\/h2>\t\t\t\t<\/div>\n\t\t\t\t<div class=\"elementor-element elementor-element-bb50054 elementor-align-center elementor-widget elementor-widget-button\" data-id=\"bb50054\" data-element_type=\"widget\" data-e-type=\"widget\" data-widget_type=\"button.default\">\n\t\t\t\t\t\t\t\t\t\t<a class=\"elementor-button elementor-button-link elementor-size-sm elementor-animation-grow\" href=\"https:\/\/edmagaza.com\/en\/wow-lady\/\">\n\t\t\t\t\t\t<span class=\"elementor-button-content-wrapper\">\n\t\t\t\t\t\t<span class=\"elementor-button-icon\">\n\t\t\t\t<i aria-hidden=\"true\" class=\"fas fa-long-arrow-alt-right\"><\/i>\t\t\t<\/span>\n\t\t\t\t\t\t\t\t\t<span class=\"elementor-button-text\">\u00dcr\u00fcn Detaylar\u0131<\/span>\n\t\t\t\t\t<\/span>\n\t\t\t\t\t<\/a>\n\t\t\t\t\t\t\t\t<\/div>\n\t\t\t\t<\/div>\n\t\t<div class=\"elementor-element elementor-element-c76d76d e-con-full e-flex e-con e-child\" data-id=\"c76d76d\" data-element_type=\"container\" data-e-type=\"container\" data-settings=\"{&quot;background_background&quot;:&quot;classic&quot;}\">\n\t\t\t\t<div class=\"elementor-element elementor-element-8ee79af elementor-widget elementor-widget-image\" data-id=\"8ee79af\" data-element_type=\"widget\" data-e-type=\"widget\" data-widget_type=\"image.default\">\n\t\t\t\t\t\t\t\t\t\t\t\t\t\t\t<img decoding=\"async\" width=\"600\" height=\"600\" src=\"https:\/\/edmagaza.com\/wp-content\/uploads\/2026\/03\/Melatonin-Sleep-Patch-600x600-2.png\" class=\"attachment-large size-large wp-image-1254\" alt=\"\" srcset=\"https:\/\/edmagaza.com\/wp-content\/uploads\/2026\/03\/Melatonin-Sleep-Patch-600x600-2.png 600w, https:\/\/edmagaza.com\/wp-content\/uploads\/2026\/03\/Melatonin-Sleep-Patch-600x600-2-300x300.png 300w, https:\/\/edmagaza.com\/wp-content\/uploads\/2026\/03\/Melatonin-Sleep-Patch-600x600-2-150x150.png 150w, https:\/\/edmagaza.com\/wp-content\/uploads\/2026\/03\/Melatonin-Sleep-Patch-600x600-2-12x12.png 12w, https:\/\/edmagaza.com\/wp-content\/uploads\/2026\/03\/Melatonin-Sleep-Patch-600x600-2-450x450.png 450w, https:\/\/edmagaza.com\/wp-content\/uploads\/2026\/03\/Melatonin-Sleep-Patch-600x600-2-100x100.png 100w\" sizes=\"(max-width: 600px) 100vw, 600px\" \/>\t\t\t\t\t\t\t\t\t\t\t\t\t\t\t<\/div>\n\t\t\t\t<div class=\"elementor-element elementor-element-3204c56 elementor-widget elementor-widget-heading\" data-id=\"3204c56\" data-element_type=\"widget\" data-e-type=\"widget\" data-widget_type=\"heading.default\">\n\t\t\t\t\t<h2 class=\"elementor-heading-title elementor-size-default\">Sleep Patch\n<\/h2>\t\t\t\t<\/div>\n\t\t\t\t<div class=\"elementor-element elementor-element-a1044ff elementor-align-center elementor-widget elementor-widget-button\" data-id=\"a1044ff\" data-element_type=\"widget\" data-e-type=\"widget\" data-widget_type=\"button.default\">\n\t\t\t\t\t\t\t\t\t\t<a class=\"elementor-button elementor-button-link elementor-size-sm elementor-animation-grow\" href=\"https:\/\/edmagaza.com\/en\/sleep-patch\/\">\n\t\t\t\t\t\t<span class=\"elementor-button-content-wrapper\">\n\t\t\t\t\t\t<span class=\"elementor-button-icon\">\n\t\t\t\t<i aria-hidden=\"true\" class=\"fas fa-long-arrow-alt-right\"><\/i>\t\t\t<\/span>\n\t\t\t\t\t\t\t\t\t<span class=\"elementor-button-text\">\u00dcr\u00fcn Detaylar\u0131<\/span>\n\t\t\t\t\t<\/span>\n\t\t\t\t\t<\/a>\n\t\t\t\t\t\t\t\t<\/div>\n\t\t\t\t<\/div>\n\t\t\t\t<\/div>\n\t\t<div class=\"elementor-element elementor-element-8443e6f e-con-full e-flex e-con e-child\" data-id=\"8443e6f\" data-element_type=\"container\" data-e-type=\"container\">\n\t\t<div class=\"elementor-element elementor-element-ae15209 e-con-full e-flex e-con e-child\" data-id=\"ae15209\" data-element_type=\"container\" data-e-type=\"container\" data-settings=\"{&quot;background_background&quot;:&quot;classic&quot;}\">\n\t\t\t\t<div class=\"elementor-element elementor-element-4a02c24 elementor-widget elementor-widget-image\" data-id=\"4a02c24\" data-element_type=\"widget\" data-e-type=\"widget\" data-widget_type=\"image.default\">\n\t\t\t\t\t\t\t\t\t\t\t\t\t\t\t<img loading=\"lazy\" decoding=\"async\" width=\"600\" height=\"600\" src=\"https:\/\/edmagaza.com\/wp-content\/uploads\/2026\/03\/VITAMIN-B12-PLUS-600x600-1.png\" class=\"attachment-large size-large wp-image-1251\" alt=\"\" srcset=\"https:\/\/edmagaza.com\/wp-content\/uploads\/2026\/03\/VITAMIN-B12-PLUS-600x600-1.png 600w, https:\/\/edmagaza.com\/wp-content\/uploads\/2026\/03\/VITAMIN-B12-PLUS-600x600-1-300x300.png 300w, https:\/\/edmagaza.com\/wp-content\/uploads\/2026\/03\/VITAMIN-B12-PLUS-600x600-1-150x150.png 150w, https:\/\/edmagaza.com\/wp-content\/uploads\/2026\/03\/VITAMIN-B12-PLUS-600x600-1-12x12.png 12w, https:\/\/edmagaza.com\/wp-content\/uploads\/2026\/03\/VITAMIN-B12-PLUS-600x600-1-450x450.png 450w, https:\/\/edmagaza.com\/wp-content\/uploads\/2026\/03\/VITAMIN-B12-PLUS-600x600-1-100x100.png 100w\" sizes=\"(max-width: 600px) 100vw, 600px\" \/>\t\t\t\t\t\t\t\t\t\t\t\t\t\t\t<\/div>\n\t\t\t\t<div class=\"elementor-element elementor-element-9ce9dbf elementor-widget elementor-widget-heading\" data-id=\"9ce9dbf\" data-element_type=\"widget\" data-e-type=\"widget\" data-widget_type=\"heading.default\">\n\t\t\t\t\t<h2 class=\"elementor-heading-title elementor-size-default\">Vitamin B12 Plus\n<\/h2>\t\t\t\t<\/div>\n\t\t\t\t<div class=\"elementor-element elementor-element-70fc444 elementor-align-center elementor-widget elementor-widget-button\" data-id=\"70fc444\" data-element_type=\"widget\" data-e-type=\"widget\" data-widget_type=\"button.default\">\n\t\t\t\t\t\t\t\t\t\t<a class=\"elementor-button elementor-button-link elementor-size-sm elementor-animation-grow\" href=\"https:\/\/edmagaza.com\/en\/vitamin-b12-plus\/\">\n\t\t\t\t\t\t<span class=\"elementor-button-content-wrapper\">\n\t\t\t\t\t\t<span class=\"elementor-button-icon\">\n\t\t\t\t<i aria-hidden=\"true\" class=\"fas fa-long-arrow-alt-right\"><\/i>\t\t\t<\/span>\n\t\t\t\t\t\t\t\t\t<span class=\"elementor-button-text\">\u00dcr\u00fcn Detaylar\u0131<\/span>\n\t\t\t\t\t<\/span>\n\t\t\t\t\t<\/a>\n\t\t\t\t\t\t\t\t<\/div>\n\t\t\t\t<\/div>\n\t\t<div class=\"elementor-element elementor-element-022be0f e-con-full e-flex e-con e-child\" data-id=\"022be0f\" data-element_type=\"container\" data-e-type=\"container\" data-settings=\"{&quot;background_background&quot;:&quot;classic&quot;}\">\n\t\t\t\t<div class=\"elementor-element elementor-element-3a28fc9 elementor-widget elementor-widget-image\" data-id=\"3a28fc9\" data-element_type=\"widget\" data-e-type=\"widget\" data-widget_type=\"image.default\">\n\t\t\t\t\t\t\t\t\t\t\t\t\t\t\t<img loading=\"lazy\" decoding=\"async\" width=\"600\" height=\"600\" src=\"https:\/\/edmagaza.com\/wp-content\/uploads\/2026\/03\/VITAMIN-C-PLUS-600x600-1.png\" class=\"attachment-large size-large wp-image-1250\" alt=\"\" srcset=\"https:\/\/edmagaza.com\/wp-content\/uploads\/2026\/03\/VITAMIN-C-PLUS-600x600-1.png 600w, https:\/\/edmagaza.com\/wp-content\/uploads\/2026\/03\/VITAMIN-C-PLUS-600x600-1-300x300.png 300w, https:\/\/edmagaza.com\/wp-content\/uploads\/2026\/03\/VITAMIN-C-PLUS-600x600-1-150x150.png 150w, https:\/\/edmagaza.com\/wp-content\/uploads\/2026\/03\/VITAMIN-C-PLUS-600x600-1-12x12.png 12w, https:\/\/edmagaza.com\/wp-content\/uploads\/2026\/03\/VITAMIN-C-PLUS-600x600-1-450x450.png 450w, https:\/\/edmagaza.com\/wp-content\/uploads\/2026\/03\/VITAMIN-C-PLUS-600x600-1-100x100.png 100w\" sizes=\"(max-width: 600px) 100vw, 600px\" \/>\t\t\t\t\t\t\t\t\t\t\t\t\t\t\t<\/div>\n\t\t\t\t<div class=\"elementor-element elementor-element-bfd35d1 elementor-widget elementor-widget-heading\" data-id=\"bfd35d1\" data-element_type=\"widget\" data-e-type=\"widget\" data-widget_type=\"heading.default\">\n\t\t\t\t\t<h2 class=\"elementor-heading-title elementor-size-default\">Vitamin C Plus\n<\/h2>\t\t\t\t<\/div>\n\t\t\t\t<div class=\"elementor-element elementor-element-df9b214 elementor-align-center elementor-widget elementor-widget-button\" data-id=\"df9b214\" data-element_type=\"widget\" data-e-type=\"widget\" data-widget_type=\"button.default\">\n\t\t\t\t\t\t\t\t\t\t<a class=\"elementor-button elementor-button-link elementor-size-sm elementor-animation-grow\" href=\"https:\/\/edmagaza.com\/en\/vitamin-c-plus\/\">\n\t\t\t\t\t\t<span class=\"elementor-button-content-wrapper\">\n\t\t\t\t\t\t<span class=\"elementor-button-icon\">\n\t\t\t\t<i aria-hidden=\"true\" class=\"fas fa-long-arrow-alt-right\"><\/i>\t\t\t<\/span>\n\t\t\t\t\t\t\t\t\t<span class=\"elementor-button-text\">\u00dcr\u00fcn Detaylar\u0131<\/span>\n\t\t\t\t\t<\/span>\n\t\t\t\t\t<\/a>\n\t\t\t\t\t\t\t\t<\/div>\n\t\t\t\t<\/div>\n\t\t<div class=\"elementor-element elementor-element-f8f99cc e-con-full e-flex e-con e-child\" data-id=\"f8f99cc\" data-element_type=\"container\" data-e-type=\"container\" data-settings=\"{&quot;background_background&quot;:&quot;classic&quot;}\">\n\t\t\t\t<div class=\"elementor-element elementor-element-ac2d14e elementor-widget elementor-widget-image\" data-id=\"ac2d14e\" data-element_type=\"widget\" data-e-type=\"widget\" data-widget_type=\"image.default\">\n\t\t\t\t\t\t\t\t\t\t\t\t\t\t\t\t<a href=\"https:\/\/edmagaza.com\/en\/vitamin-d-plus\/\">\n\t\t\t\t\t\t\t<img loading=\"lazy\" decoding=\"async\" width=\"600\" height=\"600\" src=\"https:\/\/edmagaza.com\/wp-content\/uploads\/2026\/03\/VITAMIN-D-PLUS-600x600-1.png\" class=\"attachment-large size-large wp-image-1249\" alt=\"\" srcset=\"https:\/\/edmagaza.com\/wp-content\/uploads\/2026\/03\/VITAMIN-D-PLUS-600x600-1.png 600w, https:\/\/edmagaza.com\/wp-content\/uploads\/2026\/03\/VITAMIN-D-PLUS-600x600-1-300x300.png 300w, https:\/\/edmagaza.com\/wp-content\/uploads\/2026\/03\/VITAMIN-D-PLUS-600x600-1-150x150.png 150w, https:\/\/edmagaza.com\/wp-content\/uploads\/2026\/03\/VITAMIN-D-PLUS-600x600-1-12x12.png 12w, https:\/\/edmagaza.com\/wp-content\/uploads\/2026\/03\/VITAMIN-D-PLUS-600x600-1-450x450.png 450w, https:\/\/edmagaza.com\/wp-content\/uploads\/2026\/03\/VITAMIN-D-PLUS-600x600-1-100x100.png 100w\" sizes=\"(max-width: 600px) 100vw, 600px\" \/>\t\t\t\t\t\t\t\t<\/a>\n\t\t\t\t\t\t\t\t\t\t\t\t\t\t\t<\/div>\n\t\t\t\t<div class=\"elementor-element elementor-element-499cc63 elementor-widget elementor-widget-heading\" data-id=\"499cc63\" data-element_type=\"widget\" data-e-type=\"widget\" data-widget_type=\"heading.default\">\n\t\t\t\t\t<h2 class=\"elementor-heading-title elementor-size-default\"><a href=\"https:\/\/mertergin.com.tr\/ed\/vitamin-d-plus\/\">Vitamin D Plus\n<\/a><\/h2>\t\t\t\t<\/div>\n\t\t\t\t<div class=\"elementor-element elementor-element-455c4ec elementor-align-center elementor-widget elementor-widget-button\" data-id=\"455c4ec\" data-element_type=\"widget\" data-e-type=\"widget\" data-widget_type=\"button.default\">\n\t\t\t\t\t\t\t\t\t\t<a class=\"elementor-button elementor-button-link elementor-size-sm elementor-animation-grow\" href=\"https:\/\/edmagaza.com\/en\/vitamin-d-plus\/\">\n\t\t\t\t\t\t<span class=\"elementor-button-content-wrapper\">\n\t\t\t\t\t\t<span class=\"elementor-button-icon\">\n\t\t\t\t<i aria-hidden=\"true\" class=\"fas fa-long-arrow-alt-right\"><\/i>\t\t\t<\/span>\n\t\t\t\t\t\t\t\t\t<span class=\"elementor-button-text\">\u00dcr\u00fcn Detaylar\u0131<\/span>\n\t\t\t\t\t<\/span>\n\t\t\t\t\t<\/a>\n\t\t\t\t\t\t\t\t<\/div>\n\t\t\t\t<\/div>\n\t\t\t\t<\/div>\n\t\t<div class=\"elementor-element elementor-element-6edae23 e-con-full e-flex e-con e-child\" data-id=\"6edae23\" data-element_type=\"container\" data-e-type=\"container\">\n\t\t<div class=\"elementor-element elementor-element-b2a22ae e-con-full e-flex e-con e-child\" data-id=\"b2a22ae\" data-element_type=\"container\" data-e-type=\"container\" data-settings=\"{&quot;background_background&quot;:&quot;classic&quot;}\">\n\t\t\t\t<div class=\"elementor-element elementor-element-b82e6ba elementor-widget elementor-widget-image\" data-id=\"b82e6ba\" data-element_type=\"widget\" data-e-type=\"widget\" data-widget_type=\"image.default\">\n\t\t\t\t\t\t\t\t\t\t\t\t\t\t\t<img loading=\"lazy\" decoding=\"async\" width=\"600\" height=\"600\" src=\"https:\/\/edmagaza.com\/wp-content\/uploads\/2026\/03\/slimband-1-600x600-1.png\" class=\"attachment-large size-large wp-image-1248\" alt=\"\" srcset=\"https:\/\/edmagaza.com\/wp-content\/uploads\/2026\/03\/slimband-1-600x600-1.png 600w, https:\/\/edmagaza.com\/wp-content\/uploads\/2026\/03\/slimband-1-600x600-1-300x300.png 300w, https:\/\/edmagaza.com\/wp-content\/uploads\/2026\/03\/slimband-1-600x600-1-150x150.png 150w, https:\/\/edmagaza.com\/wp-content\/uploads\/2026\/03\/slimband-1-600x600-1-12x12.png 12w, https:\/\/edmagaza.com\/wp-content\/uploads\/2026\/03\/slimband-1-600x600-1-450x450.png 450w, https:\/\/edmagaza.com\/wp-content\/uploads\/2026\/03\/slimband-1-600x600-1-100x100.png 100w\" sizes=\"(max-width: 600px) 100vw, 600px\" \/>\t\t\t\t\t\t\t\t\t\t\t\t\t\t\t<\/div>\n\t\t\t\t<div class=\"elementor-element elementor-element-695c3e3 elementor-widget elementor-widget-heading\" data-id=\"695c3e3\" data-element_type=\"widget\" data-e-type=\"widget\" data-widget_type=\"heading.default\">\n\t\t\t\t\t<h2 class=\"elementor-heading-title elementor-size-default\">Slimband<\/h2>\t\t\t\t<\/div>\n\t\t\t\t<div class=\"elementor-element elementor-element-9b7d2f5 elementor-align-center elementor-widget elementor-widget-button\" data-id=\"9b7d2f5\" data-element_type=\"widget\" data-e-type=\"widget\" data-widget_type=\"button.default\">\n\t\t\t\t\t\t\t\t\t\t<a class=\"elementor-button elementor-button-link elementor-size-sm elementor-animation-grow\" href=\"https:\/\/edmagaza.com\/en\/slim-band\/\">\n\t\t\t\t\t\t<span class=\"elementor-button-content-wrapper\">\n\t\t\t\t\t\t<span class=\"elementor-button-icon\">\n\t\t\t\t<i aria-hidden=\"true\" class=\"fas fa-long-arrow-alt-right\"><\/i>\t\t\t<\/span>\n\t\t\t\t\t\t\t\t\t<span class=\"elementor-button-text\">\u00dcr\u00fcn Detaylar\u0131<\/span>\n\t\t\t\t\t<\/span>\n\t\t\t\t\t<\/a>\n\t\t\t\t\t\t\t\t<\/div>\n\t\t\t\t<\/div>\n\t\t<div class=\"elementor-element elementor-element-97f20c6 e-con-full e-flex e-con e-child\" data-id=\"97f20c6\" data-element_type=\"container\" data-e-type=\"container\" data-settings=\"{&quot;background_background&quot;:&quot;classic&quot;}\">\n\t\t\t\t<div class=\"elementor-element elementor-element-ebd88e7 elementor-widget elementor-widget-image\" data-id=\"ebd88e7\" data-element_type=\"widget\" data-e-type=\"widget\" data-widget_type=\"image.default\">\n\t\t\t\t\t\t\t\t\t\t\t\t\t\t\t<img loading=\"lazy\" decoding=\"async\" width=\"550\" height=\"550\" src=\"https:\/\/edmagaza.com\/wp-content\/uploads\/2026\/04\/gmssuyu.png\" class=\"attachment-large size-large wp-image-1436\" alt=\"\" srcset=\"https:\/\/edmagaza.com\/wp-content\/uploads\/2026\/04\/gmssuyu.png 550w, https:\/\/edmagaza.com\/wp-content\/uploads\/2026\/04\/gmssuyu-300x300.png 300w, https:\/\/edmagaza.com\/wp-content\/uploads\/2026\/04\/gmssuyu-150x150.png 150w, https:\/\/edmagaza.com\/wp-content\/uploads\/2026\/04\/gmssuyu-12x12.png 12w, https:\/\/edmagaza.com\/wp-content\/uploads\/2026\/04\/gmssuyu-450x450.png 450w, https:\/\/edmagaza.com\/wp-content\/uploads\/2026\/04\/gmssuyu-100x100.png 100w\" sizes=\"(max-width: 550px) 100vw, 550px\" \/>\t\t\t\t\t\t\t\t\t\t\t\t\t\t\t<\/div>\n\t\t\t\t<div class=\"elementor-element elementor-element-035fc26 elementor-widget elementor-widget-heading\" data-id=\"035fc26\" data-element_type=\"widget\" data-e-type=\"widget\" data-widget_type=\"heading.default\">\n\t\t\t\t\t<h2 class=\"elementor-heading-title elementor-size-default\">G\u00fcm\u00fc\u015f Suyu<\/h2>\t\t\t\t<\/div>\n\t\t\t\t<div class=\"elementor-element elementor-element-85543ae elementor-align-center elementor-widget elementor-widget-button\" data-id=\"85543ae\" data-element_type=\"widget\" data-e-type=\"widget\" data-widget_type=\"button.default\">\n\t\t\t\t\t\t\t\t\t\t<a class=\"elementor-button elementor-button-link elementor-size-sm elementor-animation-grow\" href=\"https:\/\/edmagaza.com\/en\/gumus-suyu\/\">\n\t\t\t\t\t\t<span class=\"elementor-button-content-wrapper\">\n\t\t\t\t\t\t<span class=\"elementor-button-icon\">\n\t\t\t\t<i aria-hidden=\"true\" class=\"fas fa-long-arrow-alt-right\"><\/i>\t\t\t<\/span>\n\t\t\t\t\t\t\t\t\t<span class=\"elementor-button-text\">\u00dcr\u00fcn Detaylar\u0131<\/span>\n\t\t\t\t\t<\/span>\n\t\t\t\t\t<\/a>\n\t\t\t\t\t\t\t\t<\/div>\n\t\t\t\t<\/div>\n\t\t<div class=\"elementor-element elementor-element-b534930 e-con-full e-flex e-con e-child\" data-id=\"b534930\" data-element_type=\"container\" data-e-type=\"container\" data-settings=\"{&quot;background_background&quot;:&quot;classic&quot;}\">\n\t\t\t\t<div class=\"elementor-element elementor-element-34175ab elementor-widget elementor-widget-image\" data-id=\"34175ab\" data-element_type=\"widget\" data-e-type=\"widget\" data-widget_type=\"image.default\">\n\t\t\t\t\t\t\t\t\t\t\t\t\t\t\t<img loading=\"lazy\" decoding=\"async\" width=\"600\" height=\"600\" src=\"https:\/\/edmagaza.com\/wp-content\/uploads\/2026\/03\/NCMPOWER-600x600-1.png\" class=\"attachment-large size-large wp-image-1245\" alt=\"\" srcset=\"https:\/\/edmagaza.com\/wp-content\/uploads\/2026\/03\/NCMPOWER-600x600-1.png 600w, https:\/\/edmagaza.com\/wp-content\/uploads\/2026\/03\/NCMPOWER-600x600-1-300x300.png 300w, https:\/\/edmagaza.com\/wp-content\/uploads\/2026\/03\/NCMPOWER-600x600-1-150x150.png 150w, https:\/\/edmagaza.com\/wp-content\/uploads\/2026\/03\/NCMPOWER-600x600-1-12x12.png 12w, https:\/\/edmagaza.com\/wp-content\/uploads\/2026\/03\/NCMPOWER-600x600-1-450x450.png 450w, https:\/\/edmagaza.com\/wp-content\/uploads\/2026\/03\/NCMPOWER-600x600-1-100x100.png 100w\" sizes=\"(max-width: 600px) 100vw, 600px\" \/>\t\t\t\t\t\t\t\t\t\t\t\t\t\t\t<\/div>\n\t\t\t\t<div class=\"elementor-element elementor-element-7d764e0 elementor-widget elementor-widget-heading\" data-id=\"7d764e0\" data-element_type=\"widget\" data-e-type=\"widget\" data-widget_type=\"heading.default\">\n\t\t\t\t\t<h2 class=\"elementor-heading-title elementor-size-default\">NCM Power\n<\/h2>\t\t\t\t<\/div>\n\t\t\t\t<div class=\"elementor-element elementor-element-ed4020c elementor-align-center elementor-widget elementor-widget-button\" data-id=\"ed4020c\" data-element_type=\"widget\" data-e-type=\"widget\" data-widget_type=\"button.default\">\n\t\t\t\t\t\t\t\t\t\t<a class=\"elementor-button elementor-button-link elementor-size-sm elementor-animation-grow\" href=\"https:\/\/edmagaza.com\/en\/ncm-power\/\">\n\t\t\t\t\t\t<span class=\"elementor-button-content-wrapper\">\n\t\t\t\t\t\t<span class=\"elementor-button-icon\">\n\t\t\t\t<i aria-hidden=\"true\" class=\"fas fa-long-arrow-alt-right\"><\/i>\t\t\t<\/span>\n\t\t\t\t\t\t\t\t\t<span class=\"elementor-button-text\">\u00dcr\u00fcn Detaylar\u0131<\/span>\n\t\t\t\t\t<\/span>\n\t\t\t\t\t<\/a>\n\t\t\t\t\t\t\t\t<\/div>\n\t\t\t\t<\/div>\n\t\t\t\t<\/div>\n\t\t\t\t\t<\/div>\n\t\t\t\t<\/div>\n\t\t\t\t<\/div>","protected":false},"excerpt":{"rendered":"<p>\u00dcr\u00fcnlerimiz Mediband \u00dcr\u00fcn Detaylar\u0131 Wow Lady \u00dcr\u00fcn Detaylar\u0131 Sleep Patch \u00dcr\u00fcn Detaylar\u0131 Vitamin B12 Plus \u00dcr\u00fcn Detaylar\u0131 Vitamin C Plus \u00dcr\u00fcn Detaylar\u0131 Vitamin D Plus \u00dcr\u00fcn Detaylar\u0131 Slimband \u00dcr\u00fcn Detaylar\u0131 G\u00fcm\u00fc\u015f Suyu \u00dcr\u00fcn Detaylar\u0131 NCM Power \u00dcr\u00fcn Detaylar\u0131<\/p>","protected":false},"author":1,"featured_media":0,"parent":0,"menu_order":0,"comment_status":"closed","ping_status":"closed","template":"","meta":{"footnotes":""},"class_list":["post-1207","page","type-page","status-publish","hentry"],"_links":{"self":[{"href":"https:\/\/edmagaza.com\/en\/wp-json\/wp\/v2\/pages\/1207","targetHints":{"allow":["GET"]}}],"collection":[{"href":"https:\/\/edmagaza.com\/en\/wp-json\/wp\/v2\/pages"}],"about":[{"href":"https:\/\/edmagaza.com\/en\/wp-json\/wp\/v2\/types\/page"}],"author":[{"embeddable":true,"href":"https:\/\/edmagaza.com\/en\/wp-json\/wp\/v2\/users\/1"}],"replies":[{"embeddable":true,"href":"https:\/\/edmagaza.com\/en\/wp-json\/wp\/v2\/comments?post=1207"}],"version-history":[{"count":22,"href":"https:\/\/edmagaza.com\/en\/wp-json\/wp\/v2\/pages\/1207\/revisions"}],"predecessor-version":[{"id":1454,"href":"https:\/\/edmagaza.com\/en\/wp-json\/wp\/v2\/pages\/1207\/revisions\/1454"}],"wp:attachment":[{"href":"https:\/\/edmagaza.com\/en\/wp-json\/wp\/v2\/media?parent=1207"}],"curies":[{"name":"wp","href":"https:\/\/api.w.org\/{rel}","templated":true}]}}