{"id":1162,"date":"2026-03-10T07:13:13","date_gmt":"2026-03-10T07:13:13","guid":{"rendered":"https:\/\/edmagaza.com\/?page_id=1162"},"modified":"2026-04-05T22:33:36","modified_gmt":"2026-04-05T22:33:36","slug":"vitamin-c-plus","status":"publish","type":"page","link":"https:\/\/edmagaza.com\/en\/vitamin-c-plus\/","title":{"rendered":"Vitamin C Plus"},"content":{"rendered":"\t\t<div data-elementor-type=\"wp-page\" data-elementor-id=\"1162\" class=\"elementor elementor-1162\" data-elementor-post-type=\"page\">\n\t\t\t\t<div class=\"elementor-element elementor-element-dc36166 e-flex e-con-boxed e-con e-parent\" data-id=\"dc36166\" data-element_type=\"container\" data-e-type=\"container\">\n\t\t\t\t\t<div class=\"e-con-inner\">\n\t\t<div class=\"elementor-element elementor-element-6e52f2d e-con-full e-flex e-con e-child\" data-id=\"6e52f2d\" data-element_type=\"container\" data-e-type=\"container\">\n\t\t\t\t<div class=\"elementor-element elementor-element-78a5be15 elementor-widget elementor-widget-image\" data-id=\"78a5be15\" data-element_type=\"widget\" data-e-type=\"widget\" data-widget_type=\"image.default\">\n\t\t\t\t\t\t\t\t\t\t\t\t\t\t\t<img fetchpriority=\"high\" decoding=\"async\" width=\"800\" height=\"800\" src=\"https:\/\/edmagaza.com\/wp-content\/uploads\/2026\/03\/VITAMIN-C-PLUS.png\" class=\"attachment-large size-large wp-image-1352\" alt=\"\" srcset=\"https:\/\/edmagaza.com\/wp-content\/uploads\/2026\/03\/VITAMIN-C-PLUS.png 800w, https:\/\/edmagaza.com\/wp-content\/uploads\/2026\/03\/VITAMIN-C-PLUS-300x300.png 300w, https:\/\/edmagaza.com\/wp-content\/uploads\/2026\/03\/VITAMIN-C-PLUS-100x100.png 100w, https:\/\/edmagaza.com\/wp-content\/uploads\/2026\/03\/VITAMIN-C-PLUS-600x600.png 600w, https:\/\/edmagaza.com\/wp-content\/uploads\/2026\/03\/VITAMIN-C-PLUS-150x150.png 150w, https:\/\/edmagaza.com\/wp-content\/uploads\/2026\/03\/VITAMIN-C-PLUS-768x768.png 768w, https:\/\/edmagaza.com\/wp-content\/uploads\/2026\/03\/VITAMIN-C-PLUS-12x12.png 12w, https:\/\/edmagaza.com\/wp-content\/uploads\/2026\/03\/VITAMIN-C-PLUS-450x450.png 450w\" sizes=\"(max-width: 800px) 100vw, 800px\" \/>\t\t\t\t\t\t\t\t\t\t\t\t\t\t\t<\/div>\n\t\t\t\t<\/div>\n\t\t<div class=\"elementor-element elementor-element-9e47dad e-con-full e-flex e-con e-child\" data-id=\"9e47dad\" data-element_type=\"container\" data-e-type=\"container\">\n\t\t\t\t<div class=\"elementor-element elementor-element-341ff43c elementor-widget elementor-widget-image\" data-id=\"341ff43c\" data-element_type=\"widget\" data-e-type=\"widget\" data-widget_type=\"image.default\">\n\t\t\t\t\t\t\t\t\t\t\t\t\t\t\t<img decoding=\"async\" width=\"758\" height=\"1024\" src=\"https:\/\/edmagaza.com\/wp-content\/uploads\/2026\/03\/Katman-9-758x1024.png\" class=\"attachment-large size-large wp-image-1351\" alt=\"\" srcset=\"https:\/\/edmagaza.com\/wp-content\/uploads\/2026\/03\/Katman-9-758x1024.png 758w, https:\/\/edmagaza.com\/wp-content\/uploads\/2026\/03\/Katman-9-600x810.png 600w, https:\/\/edmagaza.com\/wp-content\/uploads\/2026\/03\/Katman-9-222x300.png 222w, https:\/\/edmagaza.com\/wp-content\/uploads\/2026\/03\/Katman-9-768x1037.png 768w, https:\/\/edmagaza.com\/wp-content\/uploads\/2026\/03\/Katman-9-9x12.png 9w, https:\/\/edmagaza.com\/wp-content\/uploads\/2026\/03\/Katman-9.png 876w\" sizes=\"(max-width: 758px) 100vw, 758px\" \/>\t\t\t\t\t\t\t\t\t\t\t\t\t\t\t<\/div>\n\t\t\t\t<div class=\"elementor-element elementor-element-57557162 elementor-widget elementor-widget-text-editor\" data-id=\"57557162\" data-element_type=\"widget\" data-e-type=\"widget\" data-widget_type=\"text-editor.default\">\n\t\t\t\t\t\t\t\t\t<p data-start=\"47\" data-end=\"169\"><span style=\"color: #000000;\"><strong data-start=\"47\" data-end=\"169\">NCM Vitamin C Plus transdermal terap\u00f6tik teknoloji y\u00f6ntemi ile deri \u00fczerine yap\u0131\u015ft\u0131r\u0131larak uygulanan \u00f6zel bir \u00fcr\u00fcnd\u00fcr.<\/strong><\/span><\/p><p data-start=\"171\" data-end=\"284\"><span style=\"color: #000000;\"><strong data-start=\"171\" data-end=\"284\">NCM International y\u00fcksek teknoloji ve AR-GE \u00e7al\u0131\u015fmalar\u0131 sonucu \u00fcretilmi\u015f \u00fcr\u00fcnleri ile hayat\u0131n\u0131za de\u011fer katar.<\/strong><\/span><\/p><p data-start=\"286\" data-end=\"484\"><span style=\"color: #000000;\"><strong data-start=\"286\" data-end=\"307\">\u00dcr\u00fcn Muhteviyat\u0131:<\/strong><\/span><br data-start=\"307\" data-end=\"310\" \/><span style=\"color: #000000;\">Vitamin C, Zinc, Echinacea, Propolis Extract,<\/span><br data-start=\"355\" data-end=\"358\" \/><span style=\"color: #000000;\">Oregano Oil, Rosemary Oil, Black Seed Oil Extract,<\/span><br data-start=\"408\" data-end=\"411\" \/><span style=\"color: #000000;\">Olive Leaf Extract, Rose Hip Extract,<\/span><br data-start=\"448\" data-end=\"451\" \/><span style=\"color: #000000;\">Vitamin A, Vitamin B2, Vitamin B6<\/span><\/p><p data-start=\"486\" data-end=\"688\"><span style=\"color: #000000;\">Tek kullan\u0131ml\u0131k olan transdermal bantlar temiz, t\u00fcys\u00fcz, kuru ve b\u00fct\u00fcnl\u00fc\u011f\u00fc bozulmam\u0131\u015f deriye yap\u0131\u015ft\u0131r\u0131larak kullan\u0131l\u0131r.<\/span><br data-start=\"604\" data-end=\"607\" \/><span style=\"color: #000000;\">Paket i\u00e7erisinde 60 adet tek kullan\u0131ml\u0131k \u00fcr\u00fcn bulunmaktad\u0131r.<\/span><br data-start=\"667\" data-end=\"670\" \/><span style=\"color: #000000;\"><strong data-start=\"670\" data-end=\"688\">\u0130la\u00e7 de\u011fildir.<\/strong><\/span><\/p>\t\t\t\t\t\t\t\t<\/div>\n\t\t\t\t<\/div>\n\t\t\t\t\t<\/div>\n\t\t\t\t<\/div>\n\t\t<div class=\"elementor-element elementor-element-53f23f85 e-flex e-con-boxed e-con e-parent\" data-id=\"53f23f85\" data-element_type=\"container\" data-e-type=\"container\">\n\t\t\t\t\t<div class=\"e-con-inner\">\n\t\t\t\t<div class=\"woocommerce elementor-element elementor-element-6e666ff5 elementor-grid-mobile-2 elementor-grid-3 elementor-grid-tablet-2 elementor-widget elementor-widget-loop-grid\" data-id=\"6e666ff5\" data-element_type=\"widget\" data-e-type=\"widget\" data-settings=\"{&quot;_skin&quot;:&quot;product&quot;,&quot;template_id&quot;:&quot;1267&quot;,&quot;columns_mobile&quot;:2,&quot;row_gap_mobile&quot;:{&quot;unit&quot;:&quot;px&quot;,&quot;size&quot;:6,&quot;sizes&quot;:[]},&quot;columns&quot;:&quot;3&quot;,&quot;columns_tablet&quot;:&quot;2&quot;,&quot;edit_handle_selector&quot;:&quot;[data-elementor-type=\\&quot;loop-item\\&quot;]&quot;,&quot;row_gap&quot;:{&quot;unit&quot;:&quot;px&quot;,&quot;size&quot;:&quot;&quot;,&quot;sizes&quot;:[]},&quot;row_gap_tablet&quot;:{&quot;unit&quot;:&quot;px&quot;,&quot;size&quot;:&quot;&quot;,&quot;sizes&quot;:[]}}\" data-widget_type=\"loop-grid.product\">\n\t\t\t\t<div class=\"elementor-widget-container\">\n\t\t\t\t\t\t\t<div class=\"elementor-loop-container elementor-grid\" role=\"list\">\n\t\t<style id=\"loop-1267\">.elementor-1267 .elementor-element.elementor-element-9f9fd3c{--display:flex;--flex-direction:column;--container-widget-width:100%;--container-widget-height:initial;--container-widget-flex-grow:0;--container-widget-align-self:initial;--flex-wrap-mobile:wrap;--justify-content:flex-end;--gap:5px 5px;--row-gap:5px;--column-gap:5px;border-style:solid;--border-style:solid;border-width:2px 2px 2px 2px;--border-top-width:2px;--border-right-width:2px;--border-bottom-width:2px;--border-left-width:2px;border-color:#4E97FD30;--border-color:#4E97FD30;--border-radius:20px 20px 20px 20px;}.elementor-1267 .elementor-element.elementor-element-9f9fd3c:not(.elementor-motion-effects-element-type-background), .elementor-1267 .elementor-element.elementor-element-9f9fd3c > .elementor-motion-effects-container > .elementor-motion-effects-layer{background-color:#FFFFFF;}.elementor-1267 .elementor-element.elementor-element-3e4d02e{text-align:center;}.elementor-1267 .elementor-element.elementor-element-3e4d02e .elementor-heading-title{font-size:17px;color:#000000;}.elementor-1267 .elementor-element.elementor-element-3e4d02e .elementor-heading-title a:hover, .elementor-1267 .elementor-element.elementor-element-3e4d02e .elementor-heading-title a:focus{color:#000000;}.elementor-1267 .elementor-element.elementor-element-f76901c{text-align:center;}.woocommerce .elementor-1267 .elementor-element.elementor-element-f76901c .price{color:var( --e-global-color-50db6b1 );font-weight:500;}.elementor-1267 .elementor-element.elementor-element-5f8a1b4 .elementor-button-content-wrapper{flex-direction:row-reverse;}.elementor-1267 .elementor-element.elementor-element-5f8a1b4 .elementor-button .elementor-button-content-wrapper{gap:21px;}.elementor-1267 .elementor-element.elementor-element-5f8a1b4 .elementor-button{fill:#000000;color:#000000;background-color:#02010100;}.elementor-1267 .elementor-element.elementor-element-5f8a1b4 .elementor-button:hover, .elementor-1267 .elementor-element.elementor-element-5f8a1b4 .elementor-button:focus{color:var( --e-global-color-50db6b1 );}.elementor-1267 .elementor-element.elementor-element-5f8a1b4 .elementor-button:hover svg, .elementor-1267 .elementor-element.elementor-element-5f8a1b4 .elementor-button:focus svg{fill:var( --e-global-color-50db6b1 );}<\/style>\t\t<div data-elementor-type=\"loop-item\" data-elementor-id=\"1267\" class=\"elementor elementor-1267 e-loop-item e-loop-item-662 post-662 product type-product status-publish has-post-thumbnail product_cat-vitamin-c-plus first instock sale shipping-taxable purchasable product-type-simple\" data-elementor-post-type=\"elementor_library\" data-custom-edit-handle=\"1\">\n\t\t\t<div class=\"elementor-element elementor-element-9f9fd3c e-flex e-con-boxed e-con e-parent\" data-id=\"9f9fd3c\" data-element_type=\"container\" data-e-type=\"container\" data-settings=\"{&quot;background_background&quot;:&quot;classic&quot;}\">\n\t\t\t\t\t<div class=\"e-con-inner\">\n\t\t\t\t<div class=\"elementor-element elementor-element-bd50520 elementor-widget elementor-widget-image\" data-id=\"bd50520\" data-element_type=\"widget\" data-e-type=\"widget\" data-widget_type=\"image.default\">\n\t\t\t\t\t\t\t\t\t\t\t\t\t\t\t<img decoding=\"async\" width=\"800\" height=\"800\" src=\"https:\/\/edmagaza.com\/wp-content\/uploads\/2026\/01\/10.jpeg\" class=\"attachment-large size-large wp-image-1055\" alt=\"\" srcset=\"https:\/\/edmagaza.com\/wp-content\/uploads\/2026\/01\/10.jpeg 800w, https:\/\/edmagaza.com\/wp-content\/uploads\/2026\/01\/10-300x300.jpeg 300w, https:\/\/edmagaza.com\/wp-content\/uploads\/2026\/01\/10-100x100.jpeg 100w, https:\/\/edmagaza.com\/wp-content\/uploads\/2026\/01\/10-600x600.jpeg 600w, https:\/\/edmagaza.com\/wp-content\/uploads\/2026\/01\/10-150x150.jpeg 150w, https:\/\/edmagaza.com\/wp-content\/uploads\/2026\/01\/10-768x768.jpeg 768w, https:\/\/edmagaza.com\/wp-content\/uploads\/2026\/01\/10-12x12.jpeg 12w, https:\/\/edmagaza.com\/wp-content\/uploads\/2026\/01\/10-450x450.jpeg 450w\" sizes=\"(max-width: 800px) 100vw, 800px\" \/>\t\t\t\t\t\t\t\t\t\t\t\t\t\t\t<\/div>\n\t\t\t\t<div class=\"elementor-element elementor-element-3e4d02e elementor-widget elementor-widget-heading\" data-id=\"3e4d02e\" data-element_type=\"widget\" data-e-type=\"widget\" data-widget_type=\"heading.default\">\n\t\t\t\t\t<h2 class=\"elementor-heading-title elementor-size-default\">Ncm C Vitamin Plush (30 G\u00fcnl\u00fck)<\/h2>\t\t\t\t<\/div>\n\t\t\t\t<div class=\"elementor-element elementor-element-f76901c elementor-widget elementor-widget-woocommerce-product-price\" data-id=\"f76901c\" data-element_type=\"widget\" data-e-type=\"widget\" data-widget_type=\"woocommerce-product-price.default\">\n\t\t\t\t\t<p class=\"price\"><del aria-hidden=\"true\"><span class=\"woocommerce-Price-amount amount\"><bdi>700,00<span class=\"woocommerce-Price-currencySymbol\">&#8378;<\/span><\/bdi><\/span><\/del> <span class=\"screen-reader-text\">Original price was: 700,00&#8378;.<\/span><ins aria-hidden=\"true\"><span class=\"woocommerce-Price-amount amount\"><bdi>399,00<span class=\"woocommerce-Price-currencySymbol\">&#8378;<\/span><\/bdi><\/span><\/ins><span class=\"screen-reader-text\">Current price is: 399,00&#8378;.<\/span><\/p>\n\t\t\t\t<\/div>\n\t\t\t\t<div class=\"elementor-element elementor-element-5f8a1b4 elementor-align-center elementor-widget elementor-widget-button\" data-id=\"5f8a1b4\" data-element_type=\"widget\" data-e-type=\"widget\" data-widget_type=\"button.default\">\n\t\t\t\t\t\t\t\t\t\t<a class=\"elementor-button elementor-button-link elementor-size-sm\" href=\"https:\/\/edmagaza.com\/en\/product\/ncm-c-vitamin-plush\/\">\n\t\t\t\t\t\t<span class=\"elementor-button-content-wrapper\">\n\t\t\t\t\t\t<span class=\"elementor-button-icon\">\n\t\t\t\t<i aria-hidden=\"true\" class=\"fas fa-long-arrow-alt-right\"><\/i>\t\t\t<\/span>\n\t\t\t\t\t\t\t\t\t<span class=\"elementor-button-text\">\u00dcr\u00fcn\u00fc Sat\u0131n Al<\/span>\n\t\t\t\t\t<\/span>\n\t\t\t\t\t<\/a>\n\t\t\t\t\t\t\t\t<\/div>\n\t\t\t\t\t<\/div>\n\t\t\t\t<\/div>\n\t\t\t\t<\/div>\n\t\t\t\t<div data-elementor-type=\"loop-item\" data-elementor-id=\"1267\" class=\"elementor elementor-1267 e-loop-item e-loop-item-1057 post-1057 product type-product status-publish has-post-thumbnail product_cat-vitamin-c-plus  instock sale shipping-taxable purchasable product-type-simple\" data-elementor-post-type=\"elementor_library\" data-custom-edit-handle=\"1\">\n\t\t\t<div class=\"elementor-element elementor-element-9f9fd3c e-flex e-con-boxed e-con e-parent\" data-id=\"9f9fd3c\" data-element_type=\"container\" data-e-type=\"container\" data-settings=\"{&quot;background_background&quot;:&quot;classic&quot;}\">\n\t\t\t\t\t<div class=\"e-con-inner\">\n\t\t\t\t<div class=\"elementor-element elementor-element-bd50520 elementor-widget elementor-widget-image\" data-id=\"bd50520\" data-element_type=\"widget\" data-e-type=\"widget\" data-widget_type=\"image.default\">\n\t\t\t\t\t\t\t\t\t\t\t\t\t\t\t<img decoding=\"async\" width=\"800\" height=\"800\" src=\"https:\/\/edmagaza.com\/wp-content\/uploads\/2026\/01\/10.jpeg\" class=\"attachment-large size-large wp-image-1055\" alt=\"\" srcset=\"https:\/\/edmagaza.com\/wp-content\/uploads\/2026\/01\/10.jpeg 800w, https:\/\/edmagaza.com\/wp-content\/uploads\/2026\/01\/10-300x300.jpeg 300w, https:\/\/edmagaza.com\/wp-content\/uploads\/2026\/01\/10-100x100.jpeg 100w, https:\/\/edmagaza.com\/wp-content\/uploads\/2026\/01\/10-600x600.jpeg 600w, https:\/\/edmagaza.com\/wp-content\/uploads\/2026\/01\/10-150x150.jpeg 150w, https:\/\/edmagaza.com\/wp-content\/uploads\/2026\/01\/10-768x768.jpeg 768w, https:\/\/edmagaza.com\/wp-content\/uploads\/2026\/01\/10-12x12.jpeg 12w, https:\/\/edmagaza.com\/wp-content\/uploads\/2026\/01\/10-450x450.jpeg 450w\" sizes=\"(max-width: 800px) 100vw, 800px\" \/>\t\t\t\t\t\t\t\t\t\t\t\t\t\t\t<\/div>\n\t\t\t\t<div class=\"elementor-element elementor-element-3e4d02e elementor-widget elementor-widget-heading\" data-id=\"3e4d02e\" data-element_type=\"widget\" data-e-type=\"widget\" data-widget_type=\"heading.default\">\n\t\t\t\t\t<h2 class=\"elementor-heading-title elementor-size-default\">Ncm C Vitamin Plush (60 G\u00fcnl\u00fck)<\/h2>\t\t\t\t<\/div>\n\t\t\t\t<div class=\"elementor-element elementor-element-f76901c elementor-widget elementor-widget-woocommerce-product-price\" data-id=\"f76901c\" data-element_type=\"widget\" data-e-type=\"widget\" data-widget_type=\"woocommerce-product-price.default\">\n\t\t\t\t\t<p class=\"price\"><del aria-hidden=\"true\"><span class=\"woocommerce-Price-amount amount\"><bdi>1.200,00<span class=\"woocommerce-Price-currencySymbol\">&#8378;<\/span><\/bdi><\/span><\/del> <span class=\"screen-reader-text\">Original price was: 1.200,00&#8378;.<\/span><ins aria-hidden=\"true\"><span class=\"woocommerce-Price-amount amount\"><bdi>750,00<span class=\"woocommerce-Price-currencySymbol\">&#8378;<\/span><\/bdi><\/span><\/ins><span class=\"screen-reader-text\">Current price is: 750,00&#8378;.<\/span><\/p>\n\t\t\t\t<\/div>\n\t\t\t\t<div class=\"elementor-element elementor-element-5f8a1b4 elementor-align-center elementor-widget elementor-widget-button\" data-id=\"5f8a1b4\" data-element_type=\"widget\" data-e-type=\"widget\" data-widget_type=\"button.default\">\n\t\t\t\t\t\t\t\t\t\t<a class=\"elementor-button elementor-button-link elementor-size-sm\" href=\"https:\/\/edmagaza.com\/en\/product\/ncm-c-vitamin-plush-60-gunluk\/\">\n\t\t\t\t\t\t<span class=\"elementor-button-content-wrapper\">\n\t\t\t\t\t\t<span class=\"elementor-button-icon\">\n\t\t\t\t<i aria-hidden=\"true\" class=\"fas fa-long-arrow-alt-right\"><\/i>\t\t\t<\/span>\n\t\t\t\t\t\t\t\t\t<span class=\"elementor-button-text\">\u00dcr\u00fcn\u00fc Sat\u0131n Al<\/span>\n\t\t\t\t\t<\/span>\n\t\t\t\t\t<\/a>\n\t\t\t\t\t\t\t\t<\/div>\n\t\t\t\t\t<\/div>\n\t\t\t\t<\/div>\n\t\t\t\t<\/div>\n\t\t\t\t<\/div>\n\t\t\n\t\t\t\t\t\t<\/div>\n\t\t\t\t<\/div>\n\t\t\t\t\t<\/div>\n\t\t\t\t<\/div>\n\t\t\t\t<\/div>\n\t\t","protected":false},"excerpt":{"rendered":"<p>NCM Vitamin C Plus transdermal terap\u00f6tik teknoloji y\u00f6ntemi ile deri \u00fczerine yap\u0131\u015ft\u0131r\u0131larak uygulanan \u00f6zel bir \u00fcr\u00fcnd\u00fcr. NCM International y\u00fcksek teknoloji ve AR-GE \u00e7al\u0131\u015fmalar\u0131 sonucu \u00fcretilmi\u015f \u00fcr\u00fcnleri ile hayat\u0131n\u0131za de\u011fer katar. \u00dcr\u00fcn Muhteviyat\u0131:Vitamin C, Zinc, Echinacea, Propolis Extract,Oregano Oil, Rosemary Oil, Black Seed Oil Extract,Olive Leaf Extract, Rose Hip Extract,Vitamin A, Vitamin B2, Vitamin B6 Tek<\/p>\n<div class=\"klb-readmore\"><a class=\"c-btn\" href=\"https:\/\/edmagaza.com\/en\/product\/ncm-c-vitamin-plush-60-gunluk\/\">Read More <i class=\"far fa-plus\"><\/i><\/a><\/div>","protected":false},"author":1,"featured_media":0,"parent":0,"menu_order":0,"comment_status":"closed","ping_status":"closed","template":"","meta":{"footnotes":""},"class_list":["post-1162","page","type-page","status-publish","hentry"],"_links":{"self":[{"href":"https:\/\/edmagaza.com\/en\/wp-json\/wp\/v2\/pages\/1162","targetHints":{"allow":["GET"]}}],"collection":[{"href":"https:\/\/edmagaza.com\/en\/wp-json\/wp\/v2\/pages"}],"about":[{"href":"https:\/\/edmagaza.com\/en\/wp-json\/wp\/v2\/types\/page"}],"author":[{"embeddable":true,"href":"https:\/\/edmagaza.com\/en\/wp-json\/wp\/v2\/users\/1"}],"replies":[{"embeddable":true,"href":"https:\/\/edmagaza.com\/en\/wp-json\/wp\/v2\/comments?post=1162"}],"version-history":[{"count":10,"href":"https:\/\/edmagaza.com\/en\/wp-json\/wp\/v2\/pages\/1162\/revisions"}],"predecessor-version":[{"id":1478,"href":"https:\/\/edmagaza.com\/en\/wp-json\/wp\/v2\/pages\/1162\/revisions\/1478"}],"wp:attachment":[{"href":"https:\/\/edmagaza.com\/en\/wp-json\/wp\/v2\/media?parent=1162"}],"curies":[{"name":"wp","href":"https:\/\/api.w.org\/{rel}","templated":true}]}}