{"id":1142,"date":"2026-03-10T07:03:47","date_gmt":"2026-03-10T07:03:47","guid":{"rendered":"https:\/\/edmagaza.com\/?page_id=1142"},"modified":"2026-03-18T09:53:52","modified_gmt":"2026-03-18T09:53:52","slug":"ncm-power","status":"publish","type":"page","link":"https:\/\/edmagaza.com\/en\/ncm-power\/","title":{"rendered":"NCM Power"},"content":{"rendered":"\t\t<div data-elementor-type=\"wp-page\" data-elementor-id=\"1142\" class=\"elementor elementor-1142\" data-elementor-post-type=\"page\">\n\t\t\t\t<div class=\"elementor-element elementor-element-5b5acd03 e-flex e-con-boxed e-con e-parent\" data-id=\"5b5acd03\" data-element_type=\"container\" data-e-type=\"container\" data-settings=\"{&quot;background_background&quot;:&quot;classic&quot;}\">\n\t\t\t\t\t<div class=\"e-con-inner\">\n\t\t<div class=\"elementor-element elementor-element-4c46dd4 e-con-full e-flex e-con e-child\" data-id=\"4c46dd4\" data-element_type=\"container\" data-e-type=\"container\">\n\t\t\t\t<div class=\"elementor-element elementor-element-246fc3b2 elementor-widget elementor-widget-image\" data-id=\"246fc3b2\" data-element_type=\"widget\" data-e-type=\"widget\" data-widget_type=\"image.default\">\n\t\t\t\t\t\t\t\t\t\t\t\t\t\t\t<img fetchpriority=\"high\" decoding=\"async\" width=\"800\" height=\"800\" src=\"https:\/\/edmagaza.com\/wp-content\/uploads\/2026\/03\/NCMPOWER.png\" class=\"attachment-large size-large wp-image-1300\" alt=\"\" srcset=\"https:\/\/edmagaza.com\/wp-content\/uploads\/2026\/03\/NCMPOWER.png 800w, https:\/\/edmagaza.com\/wp-content\/uploads\/2026\/03\/NCMPOWER-300x300.png 300w, https:\/\/edmagaza.com\/wp-content\/uploads\/2026\/03\/NCMPOWER-150x150.png 150w, https:\/\/edmagaza.com\/wp-content\/uploads\/2026\/03\/NCMPOWER-768x768.png 768w, https:\/\/edmagaza.com\/wp-content\/uploads\/2026\/03\/NCMPOWER-12x12.png 12w, https:\/\/edmagaza.com\/wp-content\/uploads\/2026\/03\/NCMPOWER-450x450.png 450w, https:\/\/edmagaza.com\/wp-content\/uploads\/2026\/03\/NCMPOWER-600x600.png 600w, https:\/\/edmagaza.com\/wp-content\/uploads\/2026\/03\/NCMPOWER-100x100.png 100w\" sizes=\"(max-width: 800px) 100vw, 800px\" \/>\t\t\t\t\t\t\t\t\t\t\t\t\t\t\t<\/div>\n\t\t\t\t<div class=\"elementor-element elementor-element-31fc442 elementor-widget elementor-widget-image\" data-id=\"31fc442\" data-element_type=\"widget\" data-e-type=\"widget\" data-widget_type=\"image.default\">\n\t\t\t\t\t\t\t\t\t\t\t\t\t\t\t<img decoding=\"async\" width=\"739\" height=\"113\" src=\"https:\/\/edmagaza.com\/wp-content\/uploads\/2026\/03\/Katman-4-1.png\" class=\"attachment-large size-large wp-image-1301\" alt=\"\" srcset=\"https:\/\/edmagaza.com\/wp-content\/uploads\/2026\/03\/Katman-4-1.png 739w, https:\/\/edmagaza.com\/wp-content\/uploads\/2026\/03\/Katman-4-1-300x46.png 300w, https:\/\/edmagaza.com\/wp-content\/uploads\/2026\/03\/Katman-4-1-18x3.png 18w, https:\/\/edmagaza.com\/wp-content\/uploads\/2026\/03\/Katman-4-1-600x92.png 600w\" sizes=\"(max-width: 739px) 100vw, 739px\" \/>\t\t\t\t\t\t\t\t\t\t\t\t\t\t\t<\/div>\n\t\t\t\t<div class=\"elementor-element elementor-element-fa41b28 elementor-widget elementor-widget-text-editor\" data-id=\"fa41b28\" data-element_type=\"widget\" data-e-type=\"widget\" data-widget_type=\"text-editor.default\">\n\t\t\t\t\t\t\t\t\t<p><span style=\"color: #ffffff;\"><strong data-start=\"1375\" data-end=\"1395\">T\u00fcketim \u00d6nerisi:<\/strong> G\u00fcnde 1 defa bir sa\u015fet yeteri kadar su ile kar\u0131\u015ft\u0131r\u0131larak t\u00fcketilebilir.<\/span><br data-start=\"1468\" data-end=\"1471\" \/><span style=\"color: #ffffff;\">Yeti\u015fkinlerin kullan\u0131m\u0131na uygundur.<\/span><br data-start=\"1506\" data-end=\"1509\" \/><span style=\"color: #ffffff;\">Paket i\u00e7eri\u011fi: 15&#215;7 gr sa\u015fet<\/span><br data-start=\"1537\" data-end=\"1540\" \/><span style=\"color: #ffffff;\">\u0130\u015fletme Kay\u0131t No: TR-55-K-19434<\/span><\/p>\t\t\t\t\t\t\t\t<\/div>\n\t\t\t\t<\/div>\n\t\t<div class=\"elementor-element elementor-element-5b9158cd e-con-full e-flex e-con e-child\" data-id=\"5b9158cd\" data-element_type=\"container\" data-e-type=\"container\">\n\t\t\t\t<div class=\"elementor-element elementor-element-2856a819 elementor-widget elementor-widget-image\" data-id=\"2856a819\" data-element_type=\"widget\" data-e-type=\"widget\" data-widget_type=\"image.default\">\n\t\t\t\t\t\t\t\t\t\t\t\t\t\t\t<img decoding=\"async\" width=\"960\" height=\"614\" src=\"https:\/\/edmagaza.com\/wp-content\/uploads\/2026\/03\/Katman-14-1024x655.png\" class=\"attachment-large size-large wp-image-1302\" alt=\"\" srcset=\"https:\/\/edmagaza.com\/wp-content\/uploads\/2026\/03\/Katman-14-1024x655.png 1024w, https:\/\/edmagaza.com\/wp-content\/uploads\/2026\/03\/Katman-14-300x192.png 300w, https:\/\/edmagaza.com\/wp-content\/uploads\/2026\/03\/Katman-14-768x491.png 768w, https:\/\/edmagaza.com\/wp-content\/uploads\/2026\/03\/Katman-14-1536x982.png 1536w, https:\/\/edmagaza.com\/wp-content\/uploads\/2026\/03\/Katman-14-2048x1309.png 2048w, https:\/\/edmagaza.com\/wp-content\/uploads\/2026\/03\/Katman-14-18x12.png 18w, https:\/\/edmagaza.com\/wp-content\/uploads\/2026\/03\/Katman-14-600x384.png 600w\" sizes=\"(max-width: 960px) 100vw, 960px\" \/>\t\t\t\t\t\t\t\t\t\t\t\t\t\t\t<\/div>\n\t\t\t\t<div class=\"elementor-element elementor-element-3809107f elementor-widget elementor-widget-text-editor\" data-id=\"3809107f\" data-element_type=\"widget\" data-e-type=\"widget\" data-widget_type=\"text-editor.default\">\n\t\t\t\t\t\t\t\t\t<p data-start=\"162\" data-end=\"182\"><span style=\"color: #ffffff;\"><strong data-start=\"162\" data-end=\"182\">NCM Power Nedir?<\/strong><\/span><\/p><p data-start=\"184\" data-end=\"594\"><span style=\"color: #ffffff;\">NCM Power; L-Carnitine, L-Arginine, CoenzimQ10, Tribulus Terrestris, Epimedium Sagittatum, Ferula Elatior, Red Korean Ginseng, Zinc, Folic Asid, Vitamin B12 i\u00e7eren \u00f6zel bir \u00fcr\u00fcnd\u00fcr. Bitkisel ekstraktlardan ve kaliteli hammaddelerden olu\u015fan NCM Power, y\u00fcksek kalite standartlar\u0131nda \u00fcretilerek t\u00fcketicilerimizin kullan\u0131m\u0131na sunulmaktad\u0131r. NCM Power\u2019\u0131n i\u00e7erisinde hi\u00e7bir koruyucu ve katk\u0131 maddesi bulunmamaktad\u0131r.<\/span><\/p><p data-start=\"596\" data-end=\"660\"><span style=\"color: #ffffff;\">NCM Power, bay ve bayanlar\u0131n kullan\u0131m\u0131na uygun \u00f6zel bir \u00fcr\u00fcnd\u00fcr.<\/span><\/p><p data-start=\"662\" data-end=\"1368\"><span style=\"color: #ffffff;\">Yunanca \u201ctam iyile\u015fme\u201d anlam\u0131na gelen Ginsengin botanik ad\u0131 \u201cPanax\u201dt\u0131r. \u201cPanacea\u201d kelimesinden t\u00fcremi\u015ftir. Ginseng bitkisi b\u00fcy\u00fck kaz\u0131k k\u00f6kl\u00fc \u00e7ok y\u0131ll\u0131k otsu bir bitkidir. \u00c7in, Kore, Japonya gibi Uzakdo\u011fu \u00fclkelerinde yabani olarak yeti\u015fmesinin yan\u0131 s\u0131ra, tar\u0131m\u0131 da yap\u0131lmaktad\u0131r. Ginseng bitkisi \u201cginsenosit\u201d ad\u0131 verilen panaxosidesitler, triterpeniksaponositler, panaxetanol ve D grubu vitaminleri bar\u0131nd\u0131rmaktad\u0131r.<\/span><br data-start=\"1077\" data-end=\"1080\" \/><span style=\"color: #ffffff;\">Epimedyum bitkisi, Anadolu\u2019da ad\u0131yla m\u00fcstesna \u201cazg\u0131n teke\u201d olarak bilinmektedir. Y\u00fczy\u0131llar \u00f6nce \u00c7inli bir \u00e7oban\u0131n toplad\u0131\u011f\u0131 otlar\u0131 t\u00fcketen ke\u00e7ilerin, aktif olarak \u00e7iftle\u015fti\u011fini g\u00f6zlemlemesi sonucu pop\u00fcler olan bu bitki, \u00f6nemli etken madde ve bile\u015fikleri bar\u0131nd\u0131rmaktad\u0131r.<\/span><br data-start=\"1351\" data-end=\"1354\" \/><span style=\"color: #ffffff;\">\u0130la\u00e7 de\u011fildir.<\/span><\/p>\t\t\t\t\t\t\t\t<\/div>\n\t\t\t\t<\/div>\n\t\t\t\t\t<\/div>\n\t\t\t\t<\/div>\n\t\t<div class=\"elementor-element elementor-element-5ce86455 e-flex e-con-boxed e-con e-parent\" data-id=\"5ce86455\" data-element_type=\"container\" data-e-type=\"container\">\n\t\t\t\t\t<div class=\"e-con-inner\">\n\t\t\t\t<div class=\"woocommerce elementor-element elementor-element-2d14d6a elementor-grid-mobile-2 elementor-grid-3 elementor-grid-tablet-2 elementor-widget elementor-widget-loop-grid\" data-id=\"2d14d6a\" data-element_type=\"widget\" data-e-type=\"widget\" data-settings=\"{&quot;_skin&quot;:&quot;product&quot;,&quot;template_id&quot;:&quot;1267&quot;,&quot;columns_mobile&quot;:2,&quot;row_gap_mobile&quot;:{&quot;unit&quot;:&quot;px&quot;,&quot;size&quot;:6,&quot;sizes&quot;:[]},&quot;columns&quot;:&quot;3&quot;,&quot;columns_tablet&quot;:&quot;2&quot;,&quot;edit_handle_selector&quot;:&quot;[data-elementor-type=\\&quot;loop-item\\&quot;]&quot;,&quot;row_gap&quot;:{&quot;unit&quot;:&quot;px&quot;,&quot;size&quot;:&quot;&quot;,&quot;sizes&quot;:[]},&quot;row_gap_tablet&quot;:{&quot;unit&quot;:&quot;px&quot;,&quot;size&quot;:&quot;&quot;,&quot;sizes&quot;:[]}}\" data-widget_type=\"loop-grid.product\">\n\t\t\t\t<div class=\"elementor-widget-container\">\n\t\t\t\t\t\t\t<div class=\"elementor-loop-container elementor-grid\" role=\"list\">\n\t\t<style id=\"loop-1267\">.elementor-1267 .elementor-element.elementor-element-9f9fd3c{--display:flex;--flex-direction:column;--container-widget-width:100%;--container-widget-height:initial;--container-widget-flex-grow:0;--container-widget-align-self:initial;--flex-wrap-mobile:wrap;--justify-content:flex-end;--gap:5px 5px;--row-gap:5px;--column-gap:5px;border-style:solid;--border-style:solid;border-width:2px 2px 2px 2px;--border-top-width:2px;--border-right-width:2px;--border-bottom-width:2px;--border-left-width:2px;border-color:#4E97FD30;--border-color:#4E97FD30;--border-radius:20px 20px 20px 20px;}.elementor-1267 .elementor-element.elementor-element-9f9fd3c:not(.elementor-motion-effects-element-type-background), .elementor-1267 .elementor-element.elementor-element-9f9fd3c > .elementor-motion-effects-container > .elementor-motion-effects-layer{background-color:#FFFFFF;}.elementor-1267 .elementor-element.elementor-element-3e4d02e{text-align:center;}.elementor-1267 .elementor-element.elementor-element-3e4d02e .elementor-heading-title{font-size:17px;color:#000000;}.elementor-1267 .elementor-element.elementor-element-3e4d02e .elementor-heading-title a:hover, .elementor-1267 .elementor-element.elementor-element-3e4d02e .elementor-heading-title a:focus{color:#000000;}.elementor-1267 .elementor-element.elementor-element-f76901c{text-align:center;}.woocommerce .elementor-1267 .elementor-element.elementor-element-f76901c .price{color:var( --e-global-color-50db6b1 );font-weight:500;}.elementor-1267 .elementor-element.elementor-element-5f8a1b4 .elementor-button-content-wrapper{flex-direction:row-reverse;}.elementor-1267 .elementor-element.elementor-element-5f8a1b4 .elementor-button .elementor-button-content-wrapper{gap:21px;}.elementor-1267 .elementor-element.elementor-element-5f8a1b4 .elementor-button{fill:#000000;color:#000000;background-color:#02010100;}.elementor-1267 .elementor-element.elementor-element-5f8a1b4 .elementor-button:hover, .elementor-1267 .elementor-element.elementor-element-5f8a1b4 .elementor-button:focus{color:var( --e-global-color-50db6b1 );}.elementor-1267 .elementor-element.elementor-element-5f8a1b4 .elementor-button:hover svg, .elementor-1267 .elementor-element.elementor-element-5f8a1b4 .elementor-button:focus svg{fill:var( --e-global-color-50db6b1 );}<\/style>\t\t<div data-elementor-type=\"loop-item\" data-elementor-id=\"1267\" class=\"elementor elementor-1267 e-loop-item e-loop-item-660 post-660 product type-product status-publish has-post-thumbnail product_cat-ncm-power first instock shipping-taxable purchasable product-type-simple\" data-elementor-post-type=\"elementor_library\" data-custom-edit-handle=\"1\">\n\t\t\t<div class=\"elementor-element elementor-element-9f9fd3c e-flex e-con-boxed e-con e-parent\" data-id=\"9f9fd3c\" data-element_type=\"container\" data-e-type=\"container\" data-settings=\"{&quot;background_background&quot;:&quot;classic&quot;}\">\n\t\t\t\t\t<div class=\"e-con-inner\">\n\t\t\t\t<div class=\"elementor-element elementor-element-bd50520 elementor-widget elementor-widget-image\" data-id=\"bd50520\" data-element_type=\"widget\" data-e-type=\"widget\" data-widget_type=\"image.default\">\n\t\t\t\t\t\t\t\t\t\t\t\t\t\t\t<img loading=\"lazy\" decoding=\"async\" width=\"800\" height=\"800\" src=\"https:\/\/edmagaza.com\/wp-content\/uploads\/2026\/01\/7.jpeg\" class=\"attachment-large size-large wp-image-1070\" alt=\"\" srcset=\"https:\/\/edmagaza.com\/wp-content\/uploads\/2026\/01\/7.jpeg 800w, https:\/\/edmagaza.com\/wp-content\/uploads\/2026\/01\/7-300x300.jpeg 300w, https:\/\/edmagaza.com\/wp-content\/uploads\/2026\/01\/7-150x150.jpeg 150w, https:\/\/edmagaza.com\/wp-content\/uploads\/2026\/01\/7-768x768.jpeg 768w, https:\/\/edmagaza.com\/wp-content\/uploads\/2026\/01\/7-12x12.jpeg 12w, https:\/\/edmagaza.com\/wp-content\/uploads\/2026\/01\/7-450x450.jpeg 450w, https:\/\/edmagaza.com\/wp-content\/uploads\/2026\/01\/7-600x600.jpeg 600w, https:\/\/edmagaza.com\/wp-content\/uploads\/2026\/01\/7-100x100.jpeg 100w\" sizes=\"(max-width: 800px) 100vw, 800px\" \/>\t\t\t\t\t\t\t\t\t\t\t\t\t\t\t<\/div>\n\t\t\t\t<div class=\"elementor-element elementor-element-3e4d02e elementor-widget elementor-widget-heading\" data-id=\"3e4d02e\" data-element_type=\"widget\" data-e-type=\"widget\" data-widget_type=\"heading.default\">\n\t\t\t\t\t<h2 class=\"elementor-heading-title elementor-size-default\">Ncm Power L-Carnitin (15 Adet)<\/h2>\t\t\t\t<\/div>\n\t\t\t\t<div class=\"elementor-element elementor-element-f76901c elementor-widget elementor-widget-woocommerce-product-price\" data-id=\"f76901c\" data-element_type=\"widget\" data-e-type=\"widget\" data-widget_type=\"woocommerce-product-price.default\">\n\t\t\t\t\t<p class=\"price\"><span class=\"woocommerce-Price-amount amount\"><bdi>100,00<span class=\"woocommerce-Price-currencySymbol\">&#8378;<\/span><\/bdi><\/span><\/p>\n\t\t\t\t<\/div>\n\t\t\t\t<div class=\"elementor-element elementor-element-5f8a1b4 elementor-align-center elementor-widget elementor-widget-button\" data-id=\"5f8a1b4\" data-element_type=\"widget\" data-e-type=\"widget\" data-widget_type=\"button.default\">\n\t\t\t\t\t\t\t\t\t\t<a class=\"elementor-button elementor-button-link elementor-size-sm\" href=\"https:\/\/edmagaza.com\/en\/product\/ncm-power-15-adet\/\">\n\t\t\t\t\t\t<span class=\"elementor-button-content-wrapper\">\n\t\t\t\t\t\t<span class=\"elementor-button-icon\">\n\t\t\t\t<i aria-hidden=\"true\" class=\"fas fa-long-arrow-alt-right\"><\/i>\t\t\t<\/span>\n\t\t\t\t\t\t\t\t\t<span class=\"elementor-button-text\">\u00dcr\u00fcn\u00fc Sat\u0131n Al<\/span>\n\t\t\t\t\t<\/span>\n\t\t\t\t\t<\/a>\n\t\t\t\t\t\t\t\t<\/div>\n\t\t\t\t\t<\/div>\n\t\t\t\t<\/div>\n\t\t\t\t<\/div>\n\t\t\t\t<\/div>\n\t\t\n\t\t\t\t\t\t<\/div>\n\t\t\t\t<\/div>\n\t\t\t\t\t<\/div>\n\t\t\t\t<\/div>\n\t\t\t\t<\/div>\n\t\t","protected":false},"excerpt":{"rendered":"<p>T\u00fcketim \u00d6nerisi: G\u00fcnde 1 defa bir sa\u015fet yeteri kadar su ile kar\u0131\u015ft\u0131r\u0131larak t\u00fcketilebilir.Yeti\u015fkinlerin kullan\u0131m\u0131na uygundur.Paket i\u00e7eri\u011fi: 15&#215;7 gr sa\u015fet\u0130\u015fletme Kay\u0131t No: TR-55-K-19434 NCM Power Nedir? NCM Power; L-Carnitine, L-Arginine, CoenzimQ10, Tribulus Terrestris, Epimedium Sagittatum, Ferula Elatior, Red Korean Ginseng, Zinc, Folic Asid, Vitamin B12 i\u00e7eren \u00f6zel bir \u00fcr\u00fcnd\u00fcr. Bitkisel ekstraktlardan ve kaliteli hammaddelerden olu\u015fan NCM<\/p>\n<div class=\"klb-readmore\"><a class=\"c-btn\" href=\"https:\/\/edmagaza.com\/en\/product\/ncm-power-15-adet\/\">Read More <i class=\"far fa-plus\"><\/i><\/a><\/div>","protected":false},"author":1,"featured_media":0,"parent":0,"menu_order":0,"comment_status":"closed","ping_status":"closed","template":"","meta":{"footnotes":""},"class_list":["post-1142","page","type-page","status-publish","hentry"],"_links":{"self":[{"href":"https:\/\/edmagaza.com\/en\/wp-json\/wp\/v2\/pages\/1142","targetHints":{"allow":["GET"]}}],"collection":[{"href":"https:\/\/edmagaza.com\/en\/wp-json\/wp\/v2\/pages"}],"about":[{"href":"https:\/\/edmagaza.com\/en\/wp-json\/wp\/v2\/types\/page"}],"author":[{"embeddable":true,"href":"https:\/\/edmagaza.com\/en\/wp-json\/wp\/v2\/users\/1"}],"replies":[{"embeddable":true,"href":"https:\/\/edmagaza.com\/en\/wp-json\/wp\/v2\/comments?post=1142"}],"version-history":[{"count":13,"href":"https:\/\/edmagaza.com\/en\/wp-json\/wp\/v2\/pages\/1142\/revisions"}],"predecessor-version":[{"id":1311,"href":"https:\/\/edmagaza.com\/en\/wp-json\/wp\/v2\/pages\/1142\/revisions\/1311"}],"wp:attachment":[{"href":"https:\/\/edmagaza.com\/en\/wp-json\/wp\/v2\/media?parent=1142"}],"curies":[{"name":"wp","href":"https:\/\/api.w.org\/{rel}","templated":true}]}}