{"id":1137,"date":"2026-03-10T06:59:17","date_gmt":"2026-03-10T06:59:17","guid":{"rendered":"https:\/\/edmagaza.com\/?page_id=1137"},"modified":"2026-03-18T09:57:48","modified_gmt":"2026-03-18T09:57:48","slug":"slim-band","status":"publish","type":"page","link":"https:\/\/edmagaza.com\/en\/slim-band\/","title":{"rendered":"Slim Band"},"content":{"rendered":"\t\t<div data-elementor-type=\"wp-page\" data-elementor-id=\"1137\" class=\"elementor elementor-1137\" data-elementor-post-type=\"page\">\n\t\t\t\t<div class=\"elementor-element elementor-element-4b5a7126 e-flex e-con-boxed e-con e-parent\" data-id=\"4b5a7126\" data-element_type=\"container\" data-e-type=\"container\">\n\t\t\t\t\t<div class=\"e-con-inner\">\n\t\t<div class=\"elementor-element elementor-element-7af5202d e-con-full e-flex e-con e-child\" data-id=\"7af5202d\" data-element_type=\"container\" data-e-type=\"container\">\n\t\t\t\t<div class=\"elementor-element elementor-element-53c21b06 elementor-widget elementor-widget-image\" data-id=\"53c21b06\" data-element_type=\"widget\" data-e-type=\"widget\" data-widget_type=\"image.default\">\n\t\t\t\t\t\t\t\t\t\t\t\t\t\t\t<img fetchpriority=\"high\" decoding=\"async\" width=\"600\" height=\"600\" src=\"https:\/\/edmagaza.com\/wp-content\/uploads\/2026\/03\/slimband-1-600x600-1.png\" class=\"attachment-large size-large wp-image-1248\" alt=\"\" srcset=\"https:\/\/edmagaza.com\/wp-content\/uploads\/2026\/03\/slimband-1-600x600-1.png 600w, https:\/\/edmagaza.com\/wp-content\/uploads\/2026\/03\/slimband-1-600x600-1-300x300.png 300w, https:\/\/edmagaza.com\/wp-content\/uploads\/2026\/03\/slimband-1-600x600-1-150x150.png 150w, https:\/\/edmagaza.com\/wp-content\/uploads\/2026\/03\/slimband-1-600x600-1-12x12.png 12w, https:\/\/edmagaza.com\/wp-content\/uploads\/2026\/03\/slimband-1-600x600-1-450x450.png 450w, https:\/\/edmagaza.com\/wp-content\/uploads\/2026\/03\/slimband-1-600x600-1-100x100.png 100w\" sizes=\"(max-width: 600px) 100vw, 600px\" \/>\t\t\t\t\t\t\t\t\t\t\t\t\t\t\t<\/div>\n\t\t\t\t<\/div>\n\t\t<div class=\"elementor-element elementor-element-6b2425dc e-con-full e-flex e-con e-child\" data-id=\"6b2425dc\" data-element_type=\"container\" data-e-type=\"container\">\n\t\t\t\t<div class=\"elementor-element elementor-element-78986d1c elementor-widget elementor-widget-image\" data-id=\"78986d1c\" data-element_type=\"widget\" data-e-type=\"widget\" data-widget_type=\"image.default\">\n\t\t\t\t\t\t\t\t\t\t\t\t\t\t\t<img decoding=\"async\" width=\"960\" height=\"128\" src=\"https:\/\/edmagaza.com\/wp-content\/uploads\/2026\/03\/Katman-16-1024x137.png\" class=\"attachment-large size-large wp-image-1317\" alt=\"\" srcset=\"https:\/\/edmagaza.com\/wp-content\/uploads\/2026\/03\/Katman-16-1024x137.png 1024w, https:\/\/edmagaza.com\/wp-content\/uploads\/2026\/03\/Katman-16-300x40.png 300w, https:\/\/edmagaza.com\/wp-content\/uploads\/2026\/03\/Katman-16-768x102.png 768w, https:\/\/edmagaza.com\/wp-content\/uploads\/2026\/03\/Katman-16-1536x205.png 1536w, https:\/\/edmagaza.com\/wp-content\/uploads\/2026\/03\/Katman-16-2048x273.png 2048w, https:\/\/edmagaza.com\/wp-content\/uploads\/2026\/03\/Katman-16-18x2.png 18w, https:\/\/edmagaza.com\/wp-content\/uploads\/2026\/03\/Katman-16-600x80.png 600w\" sizes=\"(max-width: 960px) 100vw, 960px\" \/>\t\t\t\t\t\t\t\t\t\t\t\t\t\t\t<\/div>\n\t\t\t\t<div class=\"elementor-element elementor-element-ca3fbdd elementor-widget elementor-widget-image\" data-id=\"ca3fbdd\" data-element_type=\"widget\" data-e-type=\"widget\" data-widget_type=\"image.default\">\n\t\t\t\t\t\t\t\t\t\t\t\t\t\t\t<img decoding=\"async\" width=\"960\" height=\"82\" src=\"https:\/\/edmagaza.com\/wp-content\/uploads\/2026\/03\/Formda-Kalmak-Senin-Elinde.-1-1024x87.png\" class=\"attachment-large size-large wp-image-1316\" alt=\"\" srcset=\"https:\/\/edmagaza.com\/wp-content\/uploads\/2026\/03\/Formda-Kalmak-Senin-Elinde.-1-1024x87.png 1024w, https:\/\/edmagaza.com\/wp-content\/uploads\/2026\/03\/Formda-Kalmak-Senin-Elinde.-1-300x25.png 300w, https:\/\/edmagaza.com\/wp-content\/uploads\/2026\/03\/Formda-Kalmak-Senin-Elinde.-1-768x65.png 768w, https:\/\/edmagaza.com\/wp-content\/uploads\/2026\/03\/Formda-Kalmak-Senin-Elinde.-1-18x2.png 18w, https:\/\/edmagaza.com\/wp-content\/uploads\/2026\/03\/Formda-Kalmak-Senin-Elinde.-1-600x51.png 600w, https:\/\/edmagaza.com\/wp-content\/uploads\/2026\/03\/Formda-Kalmak-Senin-Elinde.-1.png 1273w\" sizes=\"(max-width: 960px) 100vw, 960px\" \/>\t\t\t\t\t\t\t\t\t\t\t\t\t\t\t<\/div>\n\t\t\t\t<div class=\"elementor-element elementor-element-11f6f03c elementor-widget elementor-widget-text-editor\" data-id=\"11f6f03c\" data-element_type=\"widget\" data-e-type=\"widget\" data-widget_type=\"text-editor.default\">\n\t\t\t\t\t\t\t\t\t<p data-start=\"47\" data-end=\"279\"><span style=\"color: #ffffff;\"><strong data-start=\"47\" data-end=\"163\">NCM SLIMBAND transdermal terap\u00f6tik teknoloji y\u00f6ntemi ile deri \u00fczerine yap\u0131\u015ft\u0131r\u0131larak uygulanan \u00f6zel bir \u00fcr\u00fcnd\u00fcr.<\/strong><\/span><br data-start=\"163\" data-end=\"166\" \/><span style=\"color: #ffffff;\"><strong data-start=\"166\" data-end=\"279\">NCM International y\u00fcksek teknoloji ve AR-GE \u00e7al\u0131\u015fmalar\u0131 sonucu \u00fcretilmi\u015f \u00fcr\u00fcnleri ile hayat\u0131n\u0131za de\u011fer katar.<\/strong><\/span><\/p><p data-start=\"281\" data-end=\"346\"><span style=\"color: #ffffff;\"><strong data-start=\"281\" data-end=\"302\">\u00dcr\u00fcn Muhteviyat\u0131:<\/strong><\/span><br data-start=\"302\" data-end=\"305\" \/><span style=\"color: #ffffff;\">Cafein, Sophorocoside, Catesin, Capsaisin<\/span><\/p><p data-start=\"348\" data-end=\"567\"><span style=\"color: #ffffff;\">Tek kullan\u0131ml\u0131k olan transdermal bantlar temiz, t\u00fcys\u00fcz, kuru ve b\u00fct\u00fcnl\u00fc\u011f\u00fc bozulmam\u0131\u015f deriye yap\u0131\u015ft\u0131r\u0131larak kullan\u0131l\u0131r. Paket i\u00e7erisinde 15 adet tek kullan\u0131ml\u0131k \u00fcr\u00fcn bulunmaktad\u0131r. Bol su ile kullan\u0131lmas\u0131 tavsiye edilir.<\/span><\/p><p data-start=\"569\" data-end=\"587\"><span style=\"color: #ffffff;\"><strong data-start=\"569\" data-end=\"587\">\u0130la\u00e7 de\u011fildir.<\/strong><\/span><\/p>\t\t\t\t\t\t\t\t<\/div>\n\t\t\t\t<\/div>\n\t\t\t\t\t<\/div>\n\t\t\t\t<\/div>\n\t\t<div class=\"elementor-element elementor-element-7353983e e-flex e-con-boxed e-con e-parent\" data-id=\"7353983e\" data-element_type=\"container\" data-e-type=\"container\">\n\t\t\t\t\t<div class=\"e-con-inner\">\n\t\t\t\t<div class=\"woocommerce elementor-element elementor-element-3e92fa26 elementor-grid-mobile-2 elementor-grid-3 elementor-grid-tablet-2 elementor-widget elementor-widget-loop-grid\" data-id=\"3e92fa26\" data-element_type=\"widget\" data-e-type=\"widget\" data-settings=\"{&quot;_skin&quot;:&quot;product&quot;,&quot;template_id&quot;:&quot;1267&quot;,&quot;columns_mobile&quot;:2,&quot;row_gap_mobile&quot;:{&quot;unit&quot;:&quot;px&quot;,&quot;size&quot;:6,&quot;sizes&quot;:[]},&quot;columns&quot;:&quot;3&quot;,&quot;columns_tablet&quot;:&quot;2&quot;,&quot;edit_handle_selector&quot;:&quot;[data-elementor-type=\\&quot;loop-item\\&quot;]&quot;,&quot;row_gap&quot;:{&quot;unit&quot;:&quot;px&quot;,&quot;size&quot;:&quot;&quot;,&quot;sizes&quot;:[]},&quot;row_gap_tablet&quot;:{&quot;unit&quot;:&quot;px&quot;,&quot;size&quot;:&quot;&quot;,&quot;sizes&quot;:[]}}\" data-widget_type=\"loop-grid.product\">\n\t\t\t\t<div class=\"elementor-widget-container\">\n\t\t\t\t\t\t\t<div class=\"elementor-loop-container elementor-grid\" role=\"list\">\n\t\t<style id=\"loop-1267\">.elementor-1267 .elementor-element.elementor-element-9f9fd3c{--display:flex;--flex-direction:column;--container-widget-width:100%;--container-widget-height:initial;--container-widget-flex-grow:0;--container-widget-align-self:initial;--flex-wrap-mobile:wrap;--justify-content:flex-end;--gap:5px 5px;--row-gap:5px;--column-gap:5px;border-style:solid;--border-style:solid;border-width:2px 2px 2px 2px;--border-top-width:2px;--border-right-width:2px;--border-bottom-width:2px;--border-left-width:2px;border-color:#4E97FD30;--border-color:#4E97FD30;--border-radius:20px 20px 20px 20px;}.elementor-1267 .elementor-element.elementor-element-9f9fd3c:not(.elementor-motion-effects-element-type-background), .elementor-1267 .elementor-element.elementor-element-9f9fd3c > .elementor-motion-effects-container > .elementor-motion-effects-layer{background-color:#FFFFFF;}.elementor-1267 .elementor-element.elementor-element-3e4d02e{text-align:center;}.elementor-1267 .elementor-element.elementor-element-3e4d02e .elementor-heading-title{font-size:17px;color:#000000;}.elementor-1267 .elementor-element.elementor-element-3e4d02e .elementor-heading-title a:hover, .elementor-1267 .elementor-element.elementor-element-3e4d02e .elementor-heading-title a:focus{color:#000000;}.elementor-1267 .elementor-element.elementor-element-f76901c{text-align:center;}.woocommerce .elementor-1267 .elementor-element.elementor-element-f76901c .price{color:var( --e-global-color-50db6b1 );font-weight:500;}.elementor-1267 .elementor-element.elementor-element-5f8a1b4 .elementor-button-content-wrapper{flex-direction:row-reverse;}.elementor-1267 .elementor-element.elementor-element-5f8a1b4 .elementor-button .elementor-button-content-wrapper{gap:21px;}.elementor-1267 .elementor-element.elementor-element-5f8a1b4 .elementor-button{fill:#000000;color:#000000;background-color:#02010100;}.elementor-1267 .elementor-element.elementor-element-5f8a1b4 .elementor-button:hover, .elementor-1267 .elementor-element.elementor-element-5f8a1b4 .elementor-button:focus{color:var( --e-global-color-50db6b1 );}.elementor-1267 .elementor-element.elementor-element-5f8a1b4 .elementor-button:hover svg, .elementor-1267 .elementor-element.elementor-element-5f8a1b4 .elementor-button:focus svg{fill:var( --e-global-color-50db6b1 );}<\/style>\t\t<div data-elementor-type=\"loop-item\" data-elementor-id=\"1267\" class=\"elementor elementor-1267 e-loop-item e-loop-item-657 post-657 product type-product status-publish has-post-thumbnail product_cat-slim-band first instock sale shipping-taxable purchasable product-type-simple\" data-elementor-post-type=\"elementor_library\" data-custom-edit-handle=\"1\">\n\t\t\t<div class=\"elementor-element elementor-element-9f9fd3c e-flex e-con-boxed e-con e-parent\" data-id=\"9f9fd3c\" data-element_type=\"container\" data-e-type=\"container\" data-settings=\"{&quot;background_background&quot;:&quot;classic&quot;}\">\n\t\t\t\t\t<div class=\"e-con-inner\">\n\t\t\t\t<div class=\"elementor-element elementor-element-bd50520 elementor-widget elementor-widget-image\" data-id=\"bd50520\" data-element_type=\"widget\" data-e-type=\"widget\" data-widget_type=\"image.default\">\n\t\t\t\t\t\t\t\t\t\t\t\t\t\t\t<img loading=\"lazy\" decoding=\"async\" width=\"600\" height=\"600\" src=\"https:\/\/edmagaza.com\/wp-content\/uploads\/2026\/01\/slimband-1-600x600-1.png\" class=\"attachment-large size-large wp-image-647\" alt=\"\" srcset=\"https:\/\/edmagaza.com\/wp-content\/uploads\/2026\/01\/slimband-1-600x600-1.png 600w, https:\/\/edmagaza.com\/wp-content\/uploads\/2026\/01\/slimband-1-600x600-1-300x300.png 300w, https:\/\/edmagaza.com\/wp-content\/uploads\/2026\/01\/slimband-1-600x600-1-150x150.png 150w, https:\/\/edmagaza.com\/wp-content\/uploads\/2026\/01\/slimband-1-600x600-1-450x450.png 450w, https:\/\/edmagaza.com\/wp-content\/uploads\/2026\/01\/slimband-1-600x600-1-100x100.png 100w\" sizes=\"(max-width: 600px) 100vw, 600px\" \/>\t\t\t\t\t\t\t\t\t\t\t\t\t\t\t<\/div>\n\t\t\t\t<div class=\"elementor-element elementor-element-3e4d02e elementor-widget elementor-widget-heading\" data-id=\"3e4d02e\" data-element_type=\"widget\" data-e-type=\"widget\" data-widget_type=\"heading.default\">\n\t\t\t\t\t<h2 class=\"elementor-heading-title elementor-size-default\">Ncm Slimband (ZAYIFLAMA G\u00f6bek BANDI)<\/h2>\t\t\t\t<\/div>\n\t\t\t\t<div class=\"elementor-element elementor-element-f76901c elementor-widget elementor-widget-woocommerce-product-price\" data-id=\"f76901c\" data-element_type=\"widget\" data-e-type=\"widget\" data-widget_type=\"woocommerce-product-price.default\">\n\t\t\t\t\t<p class=\"price\"><del aria-hidden=\"true\"><span class=\"woocommerce-Price-amount amount\"><bdi>2.000,00<span class=\"woocommerce-Price-currencySymbol\">&#8378;<\/span><\/bdi><\/span><\/del> <span class=\"screen-reader-text\">Original price was: 2.000,00&#8378;.<\/span><ins aria-hidden=\"true\"><span class=\"woocommerce-Price-amount amount\"><bdi>1.300,00<span class=\"woocommerce-Price-currencySymbol\">&#8378;<\/span><\/bdi><\/span><\/ins><span class=\"screen-reader-text\">Current price is: 1.300,00&#8378;.<\/span><\/p>\n\t\t\t\t<\/div>\n\t\t\t\t<div class=\"elementor-element elementor-element-5f8a1b4 elementor-align-center elementor-widget elementor-widget-button\" data-id=\"5f8a1b4\" data-element_type=\"widget\" data-e-type=\"widget\" data-widget_type=\"button.default\">\n\t\t\t\t\t\t\t\t\t\t<a class=\"elementor-button elementor-button-link elementor-size-sm\" href=\"https:\/\/edmagaza.com\/en\/product\/ncm-slimband-zayiflama-bandi\/\">\n\t\t\t\t\t\t<span class=\"elementor-button-content-wrapper\">\n\t\t\t\t\t\t<span class=\"elementor-button-icon\">\n\t\t\t\t<i aria-hidden=\"true\" class=\"fas fa-long-arrow-alt-right\"><\/i>\t\t\t<\/span>\n\t\t\t\t\t\t\t\t\t<span class=\"elementor-button-text\">\u00dcr\u00fcn\u00fc Sat\u0131n Al<\/span>\n\t\t\t\t\t<\/span>\n\t\t\t\t\t<\/a>\n\t\t\t\t\t\t\t\t<\/div>\n\t\t\t\t\t<\/div>\n\t\t\t\t<\/div>\n\t\t\t\t<\/div>\n\t\t\t\t<\/div>\n\t\t\n\t\t\t\t\t\t<\/div>\n\t\t\t\t<\/div>\n\t\t\t\t\t<\/div>\n\t\t\t\t<\/div>\n\t\t\t\t<\/div>\n\t\t","protected":false},"excerpt":{"rendered":"<p>NCM SLIMBAND transdermal terap\u00f6tik teknoloji y\u00f6ntemi ile deri \u00fczerine yap\u0131\u015ft\u0131r\u0131larak uygulanan \u00f6zel bir \u00fcr\u00fcnd\u00fcr.NCM International y\u00fcksek teknoloji ve AR-GE \u00e7al\u0131\u015fmalar\u0131 sonucu \u00fcretilmi\u015f \u00fcr\u00fcnleri ile hayat\u0131n\u0131za de\u011fer katar. \u00dcr\u00fcn Muhteviyat\u0131:Cafein, Sophorocoside, Catesin, Capsaisin Tek kullan\u0131ml\u0131k olan transdermal bantlar temiz, t\u00fcys\u00fcz, kuru ve b\u00fct\u00fcnl\u00fc\u011f\u00fc bozulmam\u0131\u015f deriye yap\u0131\u015ft\u0131r\u0131larak kullan\u0131l\u0131r. Paket i\u00e7erisinde 15 adet tek kullan\u0131ml\u0131k \u00fcr\u00fcn bulunmaktad\u0131r. Bol<\/p>\n<div class=\"klb-readmore\"><a class=\"c-btn\" href=\"https:\/\/edmagaza.com\/en\/product\/ncm-slimband-zayiflama-bandi\/\">Read More <i class=\"far fa-plus\"><\/i><\/a><\/div>","protected":false},"author":1,"featured_media":0,"parent":0,"menu_order":0,"comment_status":"closed","ping_status":"closed","template":"","meta":{"footnotes":""},"class_list":["post-1137","page","type-page","status-publish","hentry"],"_links":{"self":[{"href":"https:\/\/edmagaza.com\/en\/wp-json\/wp\/v2\/pages\/1137","targetHints":{"allow":["GET"]}}],"collection":[{"href":"https:\/\/edmagaza.com\/en\/wp-json\/wp\/v2\/pages"}],"about":[{"href":"https:\/\/edmagaza.com\/en\/wp-json\/wp\/v2\/types\/page"}],"author":[{"embeddable":true,"href":"https:\/\/edmagaza.com\/en\/wp-json\/wp\/v2\/users\/1"}],"replies":[{"embeddable":true,"href":"https:\/\/edmagaza.com\/en\/wp-json\/wp\/v2\/comments?post=1137"}],"version-history":[{"count":7,"href":"https:\/\/edmagaza.com\/en\/wp-json\/wp\/v2\/pages\/1137\/revisions"}],"predecessor-version":[{"id":1322,"href":"https:\/\/edmagaza.com\/en\/wp-json\/wp\/v2\/pages\/1137\/revisions\/1322"}],"wp:attachment":[{"href":"https:\/\/edmagaza.com\/en\/wp-json\/wp\/v2\/media?parent=1137"}],"curies":[{"name":"wp","href":"https:\/\/api.w.org\/{rel}","templated":true}]}}