{"id":1131,"date":"2026-03-10T06:51:34","date_gmt":"2026-03-10T06:51:34","guid":{"rendered":"https:\/\/edmagaza.com\/?page_id=1131"},"modified":"2026-04-05T22:30:10","modified_gmt":"2026-04-05T22:30:10","slug":"mediband","status":"publish","type":"page","link":"https:\/\/edmagaza.com\/en\/mediband\/","title":{"rendered":"Mediband"},"content":{"rendered":"\t\t<div data-elementor-type=\"wp-page\" data-elementor-id=\"1131\" class=\"elementor elementor-1131\" data-elementor-post-type=\"page\">\n\t\t\t\t<div class=\"elementor-element elementor-element-6cbe780 e-flex e-con-boxed e-con e-parent\" data-id=\"6cbe780\" data-element_type=\"container\" data-e-type=\"container\">\n\t\t\t\t\t<div class=\"e-con-inner\">\n\t\t<div class=\"elementor-element elementor-element-cc75110 e-con-full e-flex e-con e-child\" data-id=\"cc75110\" data-element_type=\"container\" data-e-type=\"container\">\n\t\t\t\t<div class=\"elementor-element elementor-element-38a3bae elementor-widget elementor-widget-image\" data-id=\"38a3bae\" data-element_type=\"widget\" data-e-type=\"widget\" data-widget_type=\"image.default\">\n\t\t\t\t\t\t\t\t\t\t\t\t\t\t\t<img fetchpriority=\"high\" decoding=\"async\" width=\"800\" height=\"800\" src=\"https:\/\/edmagaza.com\/wp-content\/uploads\/2026\/03\/Mediband.png\" class=\"attachment-large size-large wp-image-1285\" alt=\"\" srcset=\"https:\/\/edmagaza.com\/wp-content\/uploads\/2026\/03\/Mediband.png 800w, https:\/\/edmagaza.com\/wp-content\/uploads\/2026\/03\/Mediband-300x300.png 300w, https:\/\/edmagaza.com\/wp-content\/uploads\/2026\/03\/Mediband-150x150.png 150w, https:\/\/edmagaza.com\/wp-content\/uploads\/2026\/03\/Mediband-768x768.png 768w, https:\/\/edmagaza.com\/wp-content\/uploads\/2026\/03\/Mediband-12x12.png 12w, https:\/\/edmagaza.com\/wp-content\/uploads\/2026\/03\/Mediband-450x450.png 450w, https:\/\/edmagaza.com\/wp-content\/uploads\/2026\/03\/Mediband-600x600.png 600w, https:\/\/edmagaza.com\/wp-content\/uploads\/2026\/03\/Mediband-100x100.png 100w\" sizes=\"(max-width: 800px) 100vw, 800px\" \/>\t\t\t\t\t\t\t\t\t\t\t\t\t\t\t<\/div>\n\t\t\t\t<\/div>\n\t\t<div class=\"elementor-element elementor-element-518d202 e-con-full e-flex e-con e-child\" data-id=\"518d202\" data-element_type=\"container\" data-e-type=\"container\">\n\t\t\t\t<div class=\"elementor-element elementor-element-0c14a10 elementor-widget elementor-widget-heading\" data-id=\"0c14a10\" data-element_type=\"widget\" data-e-type=\"widget\" data-widget_type=\"heading.default\">\n\t\t\t\t\t<h2 class=\"elementor-heading-title elementor-size-default\">Mediband<\/h2>\t\t\t\t<\/div>\n\t\t\t\t<div class=\"elementor-element elementor-element-bdaf900 elementor-widget elementor-widget-image\" data-id=\"bdaf900\" data-element_type=\"widget\" data-e-type=\"widget\" data-widget_type=\"image.default\">\n\t\t\t\t\t\t\t\t\t\t\t\t\t\t\t<img decoding=\"async\" width=\"960\" height=\"131\" src=\"https:\/\/edmagaza.com\/wp-content\/uploads\/2026\/03\/Katman-4-1024x140.png\" class=\"attachment-large size-large wp-image-1286\" alt=\"\" srcset=\"https:\/\/edmagaza.com\/wp-content\/uploads\/2026\/03\/Katman-4-1024x140.png 1024w, https:\/\/edmagaza.com\/wp-content\/uploads\/2026\/03\/Katman-4-300x41.png 300w, https:\/\/edmagaza.com\/wp-content\/uploads\/2026\/03\/Katman-4-768x105.png 768w, https:\/\/edmagaza.com\/wp-content\/uploads\/2026\/03\/Katman-4-1536x210.png 1536w, https:\/\/edmagaza.com\/wp-content\/uploads\/2026\/03\/Katman-4-2048x279.png 2048w, https:\/\/edmagaza.com\/wp-content\/uploads\/2026\/03\/Katman-4-18x2.png 18w, https:\/\/edmagaza.com\/wp-content\/uploads\/2026\/03\/Katman-4-600x82.png 600w\" sizes=\"(max-width: 960px) 100vw, 960px\" \/>\t\t\t\t\t\t\t\t\t\t\t\t\t\t\t<\/div>\n\t\t\t\t<div class=\"elementor-element elementor-element-643f087 elementor-widget elementor-widget-text-editor\" data-id=\"643f087\" data-element_type=\"widget\" data-e-type=\"widget\" data-widget_type=\"text-editor.default\">\n\t\t\t\t\t\t\t\t\t<p data-start=\"54\" data-end=\"170\"><span style=\"color: #000000;\"><strong data-start=\"54\" data-end=\"170\">NCM Mediband transdermal terap\u00f6tik teknoloji y\u00f6ntemi ile deri \u00fczerine yap\u0131\u015ft\u0131r\u0131larak uygulanan \u00f6zel bir \u00fcr\u00fcnd\u00fcr.<\/strong><\/span><\/p><p data-start=\"172\" data-end=\"285\"><span style=\"color: #000000;\"><strong data-start=\"172\" data-end=\"285\">NCM International y\u00fcksek teknoloji ve AR-GE \u00e7al\u0131\u015fmalar\u0131 sonucu \u00fcretilmi\u015f \u00fcr\u00fcnleri ile hayat\u0131n\u0131za de\u011fer katar.<\/strong><\/span><\/p><p data-start=\"287\" data-end=\"308\"><span style=\"color: #000000;\"><strong data-start=\"287\" data-end=\"308\">\u00dcr\u00fcn Muhteviyat\u0131:<\/strong><\/span><\/p><p data-start=\"310\" data-end=\"407\"><span style=\"color: #000000;\">K\u0131rm\u0131z\u0131 Kore Ginsengi, Deniz Fitoplanktonlar\u0131, G\u00fcm\u00fc\u015f \u0130yonlar\u0131, Germanyum, Saponinler, Glucosamine<\/span><\/p><ul data-start=\"409\" data-end=\"663\"><li data-section-id=\"mhy2le\" data-start=\"409\" data-end=\"479\"><p data-start=\"411\" data-end=\"479\"><span style=\"color: #000000;\">NCM Mediband bu etken maddelerden olu\u015fan bir \u00fcr\u00fcn kombinasyonudur.<\/span><\/p><\/li><li data-section-id=\"9pas9u\" data-start=\"480\" data-end=\"663\"><p data-start=\"482\" data-end=\"663\"><span style=\"color: #000000;\">Tek kullan\u0131ml\u0131k olan transdermal bantlar temiz, t\u00fcys\u00fcz, kuru ve b\u00fct\u00fcnl\u00fc\u011f\u00fc bozulmam\u0131\u015f deriye yap\u0131\u015ft\u0131r\u0131larak kullan\u0131l\u0131r.<\/span><br data-start=\"600\" data-end=\"603\" \/><span style=\"color: #000000;\">Paket i\u00e7erisinde 25 adet tek kullan\u0131ml\u0131k \u00fcr\u00fcn bulunmaktad\u0131r.<\/span><\/p><\/li><\/ul><p data-start=\"665\" data-end=\"683\"><span style=\"color: #000000;\"><strong data-start=\"665\" data-end=\"683\">\u0130la\u00e7 de\u011fildir.<\/strong><\/span><\/p>\t\t\t\t\t\t\t\t<\/div>\n\t\t\t\t<\/div>\n\t\t\t\t\t<\/div>\n\t\t\t\t<\/div>\n\t\t<div class=\"elementor-element elementor-element-9fbe195 e-flex e-con-boxed e-con e-parent\" data-id=\"9fbe195\" data-element_type=\"container\" data-e-type=\"container\">\n\t\t\t\t\t<div class=\"e-con-inner\">\n\t\t\t\t<div class=\"woocommerce elementor-element elementor-element-41f59d2 elementor-grid-mobile-2 elementor-grid-3 elementor-grid-tablet-2 elementor-widget elementor-widget-loop-grid\" data-id=\"41f59d2\" data-element_type=\"widget\" data-e-type=\"widget\" data-settings=\"{&quot;_skin&quot;:&quot;product&quot;,&quot;template_id&quot;:&quot;1267&quot;,&quot;columns_mobile&quot;:2,&quot;row_gap_mobile&quot;:{&quot;unit&quot;:&quot;px&quot;,&quot;size&quot;:6,&quot;sizes&quot;:[]},&quot;columns&quot;:&quot;3&quot;,&quot;columns_tablet&quot;:&quot;2&quot;,&quot;edit_handle_selector&quot;:&quot;[data-elementor-type=\\&quot;loop-item\\&quot;]&quot;,&quot;row_gap&quot;:{&quot;unit&quot;:&quot;px&quot;,&quot;size&quot;:&quot;&quot;,&quot;sizes&quot;:[]},&quot;row_gap_tablet&quot;:{&quot;unit&quot;:&quot;px&quot;,&quot;size&quot;:&quot;&quot;,&quot;sizes&quot;:[]}}\" data-widget_type=\"loop-grid.product\">\n\t\t\t\t<div class=\"elementor-widget-container\">\n\t\t\t\t\t\t\t<div class=\"elementor-loop-container elementor-grid\" role=\"list\">\n\t\t<style id=\"loop-1267\">.elementor-1267 .elementor-element.elementor-element-9f9fd3c{--display:flex;--flex-direction:column;--container-widget-width:100%;--container-widget-height:initial;--container-widget-flex-grow:0;--container-widget-align-self:initial;--flex-wrap-mobile:wrap;--justify-content:flex-end;--gap:5px 5px;--row-gap:5px;--column-gap:5px;border-style:solid;--border-style:solid;border-width:2px 2px 2px 2px;--border-top-width:2px;--border-right-width:2px;--border-bottom-width:2px;--border-left-width:2px;border-color:#4E97FD30;--border-color:#4E97FD30;--border-radius:20px 20px 20px 20px;}.elementor-1267 .elementor-element.elementor-element-9f9fd3c:not(.elementor-motion-effects-element-type-background), .elementor-1267 .elementor-element.elementor-element-9f9fd3c > .elementor-motion-effects-container > .elementor-motion-effects-layer{background-color:#FFFFFF;}.elementor-1267 .elementor-element.elementor-element-3e4d02e{text-align:center;}.elementor-1267 .elementor-element.elementor-element-3e4d02e .elementor-heading-title{font-size:17px;color:#000000;}.elementor-1267 .elementor-element.elementor-element-3e4d02e .elementor-heading-title a:hover, .elementor-1267 .elementor-element.elementor-element-3e4d02e .elementor-heading-title a:focus{color:#000000;}.elementor-1267 .elementor-element.elementor-element-f76901c{text-align:center;}.woocommerce .elementor-1267 .elementor-element.elementor-element-f76901c .price{color:var( --e-global-color-50db6b1 );font-weight:500;}.elementor-1267 .elementor-element.elementor-element-5f8a1b4 .elementor-button-content-wrapper{flex-direction:row-reverse;}.elementor-1267 .elementor-element.elementor-element-5f8a1b4 .elementor-button .elementor-button-content-wrapper{gap:21px;}.elementor-1267 .elementor-element.elementor-element-5f8a1b4 .elementor-button{fill:#000000;color:#000000;background-color:#02010100;}.elementor-1267 .elementor-element.elementor-element-5f8a1b4 .elementor-button:hover, .elementor-1267 .elementor-element.elementor-element-5f8a1b4 .elementor-button:focus{color:var( --e-global-color-50db6b1 );}.elementor-1267 .elementor-element.elementor-element-5f8a1b4 .elementor-button:hover svg, .elementor-1267 .elementor-element.elementor-element-5f8a1b4 .elementor-button:focus svg{fill:var( --e-global-color-50db6b1 );}<\/style>\t\t<div data-elementor-type=\"loop-item\" data-elementor-id=\"1267\" class=\"elementor elementor-1267 e-loop-item e-loop-item-658 post-658 product type-product status-publish has-post-thumbnail product_cat-uncategorized first instock sale shipping-taxable purchasable product-type-simple\" data-elementor-post-type=\"elementor_library\" data-custom-edit-handle=\"1\">\n\t\t\t<div class=\"elementor-element elementor-element-9f9fd3c e-flex e-con-boxed e-con e-parent\" data-id=\"9f9fd3c\" data-element_type=\"container\" data-e-type=\"container\" data-settings=\"{&quot;background_background&quot;:&quot;classic&quot;}\">\n\t\t\t\t\t<div class=\"e-con-inner\">\n\t\t\t\t<div class=\"elementor-element elementor-element-bd50520 elementor-widget elementor-widget-image\" data-id=\"bd50520\" data-element_type=\"widget\" data-e-type=\"widget\" data-widget_type=\"image.default\">\n\t\t\t\t\t\t\t\t\t\t\t\t\t\t\t<img decoding=\"async\" width=\"800\" height=\"800\" src=\"https:\/\/edmagaza.com\/wp-content\/uploads\/2026\/01\/Mediband.png\" class=\"attachment-large size-large wp-image-650\" alt=\"\" srcset=\"https:\/\/edmagaza.com\/wp-content\/uploads\/2026\/01\/Mediband.png 800w, https:\/\/edmagaza.com\/wp-content\/uploads\/2026\/01\/Mediband-300x300.png 300w, https:\/\/edmagaza.com\/wp-content\/uploads\/2026\/01\/Mediband-150x150.png 150w, https:\/\/edmagaza.com\/wp-content\/uploads\/2026\/01\/Mediband-768x768.png 768w, https:\/\/edmagaza.com\/wp-content\/uploads\/2026\/01\/Mediband-450x450.png 450w, https:\/\/edmagaza.com\/wp-content\/uploads\/2026\/01\/Mediband-600x600.png 600w, https:\/\/edmagaza.com\/wp-content\/uploads\/2026\/01\/Mediband-100x100.png 100w\" sizes=\"(max-width: 800px) 100vw, 800px\" \/>\t\t\t\t\t\t\t\t\t\t\t\t\t\t\t<\/div>\n\t\t\t\t<div class=\"elementor-element elementor-element-3e4d02e elementor-widget elementor-widget-heading\" data-id=\"3e4d02e\" data-element_type=\"widget\" data-e-type=\"widget\" data-widget_type=\"heading.default\">\n\t\t\t\t\t<h2 class=\"elementor-heading-title elementor-size-default\">Ncm Mediband (A\u011eRI BANDI)<\/h2>\t\t\t\t<\/div>\n\t\t\t\t<div class=\"elementor-element elementor-element-f76901c elementor-widget elementor-widget-woocommerce-product-price\" data-id=\"f76901c\" data-element_type=\"widget\" data-e-type=\"widget\" data-widget_type=\"woocommerce-product-price.default\">\n\t\t\t\t\t<p class=\"price\"><del aria-hidden=\"true\"><span class=\"woocommerce-Price-amount amount\"><bdi>1.800,00<span class=\"woocommerce-Price-currencySymbol\">&#8378;<\/span><\/bdi><\/span><\/del> <span class=\"screen-reader-text\">Original price was: 1.800,00&#8378;.<\/span><ins aria-hidden=\"true\"><span class=\"woocommerce-Price-amount amount\"><bdi>1.200,00<span class=\"woocommerce-Price-currencySymbol\">&#8378;<\/span><\/bdi><\/span><\/ins><span class=\"screen-reader-text\">Current price is: 1.200,00&#8378;.<\/span><\/p>\n\t\t\t\t<\/div>\n\t\t\t\t<div class=\"elementor-element elementor-element-5f8a1b4 elementor-align-center elementor-widget elementor-widget-button\" data-id=\"5f8a1b4\" data-element_type=\"widget\" data-e-type=\"widget\" data-widget_type=\"button.default\">\n\t\t\t\t\t\t\t\t\t\t<a class=\"elementor-button elementor-button-link elementor-size-sm\" href=\"https:\/\/edmagaza.com\/en\/product\/ncm-mediband-agri-bandi\/\">\n\t\t\t\t\t\t<span class=\"elementor-button-content-wrapper\">\n\t\t\t\t\t\t<span class=\"elementor-button-icon\">\n\t\t\t\t<i aria-hidden=\"true\" class=\"fas fa-long-arrow-alt-right\"><\/i>\t\t\t<\/span>\n\t\t\t\t\t\t\t\t\t<span class=\"elementor-button-text\">\u00dcr\u00fcn\u00fc Sat\u0131n Al<\/span>\n\t\t\t\t\t<\/span>\n\t\t\t\t\t<\/a>\n\t\t\t\t\t\t\t\t<\/div>\n\t\t\t\t\t<\/div>\n\t\t\t\t<\/div>\n\t\t\t\t<\/div>\n\t\t\t\t<div data-elementor-type=\"loop-item\" data-elementor-id=\"1267\" class=\"elementor elementor-1267 e-loop-item e-loop-item-1083 post-1083 product type-product status-publish has-post-thumbnail product_cat-uncategorized  instock sale shipping-taxable purchasable product-type-simple\" data-elementor-post-type=\"elementor_library\" data-custom-edit-handle=\"1\">\n\t\t\t<div class=\"elementor-element elementor-element-9f9fd3c e-flex e-con-boxed e-con e-parent\" data-id=\"9f9fd3c\" data-element_type=\"container\" data-e-type=\"container\" data-settings=\"{&quot;background_background&quot;:&quot;classic&quot;}\">\n\t\t\t\t\t<div class=\"e-con-inner\">\n\t\t\t\t<div class=\"elementor-element elementor-element-bd50520 elementor-widget elementor-widget-image\" data-id=\"bd50520\" data-element_type=\"widget\" data-e-type=\"widget\" data-widget_type=\"image.default\">\n\t\t\t\t\t\t\t\t\t\t\t\t\t\t\t<img loading=\"lazy\" decoding=\"async\" width=\"960\" height=\"960\" src=\"https:\/\/edmagaza.com\/wp-content\/uploads\/2026\/03\/WhatsApp-Image-2026-04-10-at-17.46.40.jpeg\" class=\"attachment-large size-large wp-image-1494\" alt=\"\" srcset=\"https:\/\/edmagaza.com\/wp-content\/uploads\/2026\/03\/WhatsApp-Image-2026-04-10-at-17.46.40.jpeg 1024w, https:\/\/edmagaza.com\/wp-content\/uploads\/2026\/03\/WhatsApp-Image-2026-04-10-at-17.46.40-300x300.jpeg 300w, https:\/\/edmagaza.com\/wp-content\/uploads\/2026\/03\/WhatsApp-Image-2026-04-10-at-17.46.40-150x150.jpeg 150w, https:\/\/edmagaza.com\/wp-content\/uploads\/2026\/03\/WhatsApp-Image-2026-04-10-at-17.46.40-768x768.jpeg 768w, https:\/\/edmagaza.com\/wp-content\/uploads\/2026\/03\/WhatsApp-Image-2026-04-10-at-17.46.40-12x12.jpeg 12w, https:\/\/edmagaza.com\/wp-content\/uploads\/2026\/03\/WhatsApp-Image-2026-04-10-at-17.46.40-450x450.jpeg 450w, https:\/\/edmagaza.com\/wp-content\/uploads\/2026\/03\/WhatsApp-Image-2026-04-10-at-17.46.40-600x600.jpeg 600w, https:\/\/edmagaza.com\/wp-content\/uploads\/2026\/03\/WhatsApp-Image-2026-04-10-at-17.46.40-100x100.jpeg 100w\" sizes=\"(max-width: 960px) 100vw, 960px\" \/>\t\t\t\t\t\t\t\t\t\t\t\t\t\t\t<\/div>\n\t\t\t\t<div class=\"elementor-element elementor-element-3e4d02e elementor-widget elementor-widget-heading\" data-id=\"3e4d02e\" data-element_type=\"widget\" data-e-type=\"widget\" data-widget_type=\"heading.default\">\n\t\t\t\t\t<h2 class=\"elementor-heading-title elementor-size-default\">Ncm Mediband (A\u011eRI BANDI 2 Paket)<\/h2>\t\t\t\t<\/div>\n\t\t\t\t<div class=\"elementor-element elementor-element-f76901c elementor-widget elementor-widget-woocommerce-product-price\" data-id=\"f76901c\" data-element_type=\"widget\" data-e-type=\"widget\" data-widget_type=\"woocommerce-product-price.default\">\n\t\t\t\t\t<p class=\"price\"><del aria-hidden=\"true\"><span class=\"woocommerce-Price-amount amount\"><bdi>3.500,00<span class=\"woocommerce-Price-currencySymbol\">&#8378;<\/span><\/bdi><\/span><\/del> <span class=\"screen-reader-text\">Original price was: 3.500,00&#8378;.<\/span><ins aria-hidden=\"true\"><span class=\"woocommerce-Price-amount amount\"><bdi>2.000,00<span class=\"woocommerce-Price-currencySymbol\">&#8378;<\/span><\/bdi><\/span><\/ins><span class=\"screen-reader-text\">Current price is: 2.000,00&#8378;.<\/span><\/p>\n\t\t\t\t<\/div>\n\t\t\t\t<div class=\"elementor-element elementor-element-5f8a1b4 elementor-align-center elementor-widget elementor-widget-button\" data-id=\"5f8a1b4\" data-element_type=\"widget\" data-e-type=\"widget\" data-widget_type=\"button.default\">\n\t\t\t\t\t\t\t\t\t\t<a class=\"elementor-button elementor-button-link elementor-size-sm\" href=\"https:\/\/edmagaza.com\/en\/product\/ncm-mediband-agri-bandi-2-paket\/\">\n\t\t\t\t\t\t<span class=\"elementor-button-content-wrapper\">\n\t\t\t\t\t\t<span class=\"elementor-button-icon\">\n\t\t\t\t<i aria-hidden=\"true\" class=\"fas fa-long-arrow-alt-right\"><\/i>\t\t\t<\/span>\n\t\t\t\t\t\t\t\t\t<span class=\"elementor-button-text\">\u00dcr\u00fcn\u00fc Sat\u0131n Al<\/span>\n\t\t\t\t\t<\/span>\n\t\t\t\t\t<\/a>\n\t\t\t\t\t\t\t\t<\/div>\n\t\t\t\t\t<\/div>\n\t\t\t\t<\/div>\n\t\t\t\t<\/div>\n\t\t\t\t<\/div>\n\t\t\n\t\t\t\t\t\t<\/div>\n\t\t\t\t<\/div>\n\t\t\t\t\t<\/div>\n\t\t\t\t<\/div>\n\t\t\t\t<\/div>\n\t\t","protected":false},"excerpt":{"rendered":"<p>NCM Mediband transdermal terap\u00f6tik teknoloji y\u00f6ntemi ile deri \u00fczerine yap\u0131\u015ft\u0131r\u0131larak uygulanan \u00f6zel bir \u00fcr\u00fcnd\u00fcr. NCM International y\u00fcksek teknoloji ve AR-GE \u00e7al\u0131\u015fmalar\u0131 sonucu \u00fcretilmi\u015f \u00fcr\u00fcnleri ile hayat\u0131n\u0131za de\u011fer katar. \u00dcr\u00fcn Muhteviyat\u0131: K\u0131rm\u0131z\u0131 Kore Ginsengi, Deniz Fitoplanktonlar\u0131, G\u00fcm\u00fc\u015f \u0130yonlar\u0131, Germanyum, Saponinler, Glucosamine NCM Mediband bu etken maddelerden olu\u015fan bir \u00fcr\u00fcn kombinasyonudur. Tek kullan\u0131ml\u0131k olan transdermal bantlar temiz,<\/p>\n<div class=\"klb-readmore\"><a class=\"c-btn\" href=\"https:\/\/edmagaza.com\/en\/product\/ncm-mediband-agri-bandi-2-paket\/\">Read More <i class=\"far fa-plus\"><\/i><\/a><\/div>","protected":false},"author":1,"featured_media":0,"parent":0,"menu_order":0,"comment_status":"closed","ping_status":"closed","template":"","meta":{"footnotes":""},"class_list":["post-1131","page","type-page","status-publish","hentry"],"_links":{"self":[{"href":"https:\/\/edmagaza.com\/en\/wp-json\/wp\/v2\/pages\/1131","targetHints":{"allow":["GET"]}}],"collection":[{"href":"https:\/\/edmagaza.com\/en\/wp-json\/wp\/v2\/pages"}],"about":[{"href":"https:\/\/edmagaza.com\/en\/wp-json\/wp\/v2\/types\/page"}],"author":[{"embeddable":true,"href":"https:\/\/edmagaza.com\/en\/wp-json\/wp\/v2\/users\/1"}],"replies":[{"embeddable":true,"href":"https:\/\/edmagaza.com\/en\/wp-json\/wp\/v2\/comments?post=1131"}],"version-history":[{"count":19,"href":"https:\/\/edmagaza.com\/en\/wp-json\/wp\/v2\/pages\/1131\/revisions"}],"predecessor-version":[{"id":1466,"href":"https:\/\/edmagaza.com\/en\/wp-json\/wp\/v2\/pages\/1131\/revisions\/1466"}],"wp:attachment":[{"href":"https:\/\/edmagaza.com\/en\/wp-json\/wp\/v2\/media?parent=1131"}],"curies":[{"name":"wp","href":"https:\/\/api.w.org\/{rel}","templated":true}]}}